{"id":156630,"date":"2025-05-22T13:11:06","date_gmt":"2025-05-22T11:11:06","guid":{"rendered":"https:\/\/bgnslmq.cluster100.hosting.ovh.net\/metallurgy\/"},"modified":"2025-05-23T10:58:58","modified_gmt":"2025-05-23T08:58:58","slug":"metallurgy","status":"publish","type":"page","link":"https:\/\/cipam.com\/en\/metallurgy\/","title":{"rendered":"Metallurgy"},"content":{"rendered":"<div class=\"wpb-content-wrapper\"><p>[vc_row row_height_percent=&#8221;0&#8243; override_padding=&#8221;yes&#8221; h_padding=&#8221;2&#8243; top_padding=&#8221;7&#8243; bottom_padding=&#8221;7&#8243; back_color=&#8221;color-xsdn&#8221; overlay_alpha=&#8221;50&#8243; gutter_size=&#8221;3&#8243; column_width_percent=&#8221;100&#8243; shift_y=&#8221;0&#8243; z_index=&#8221;0&#8243;][vc_column width=&#8221;1\/1&#8243;][vc_custom_heading heading_semantic=&#8221;h1&#8243; text_size=&#8221;custom&#8221; text_weight=&#8221;300&#8243; uncode_shortcode_id=&#8221;117108&#8243; heading_custom_size=&#8221;clamp(45px,5vw,75px)&#8221;]Identification and traceability solutions for metal parts[\/vc_custom_heading][\/vc_column][\/vc_row][vc_row row_height_percent=&#8221;0&#8243; override_padding=&#8221;yes&#8221; h_padding=&#8221;2&#8243; top_padding=&#8221;5&#8243; bottom_padding=&#8221;5&#8243; back_color=&#8221;color-wayh&#8221; overlay_alpha=&#8221;50&#8243; equal_height=&#8221;yes&#8221; gutter_size=&#8221;4&#8243; column_width_percent=&#8221;100&#8243; shift_y=&#8221;0&#8243; z_index=&#8221;0&#8243; content_parallax=&#8221;0&#8243; uncode_shortcode_id=&#8221;208530&#8243; back_color_type=&#8221;uncode-palette&#8221;][vc_column column_width_percent=&#8221;100&#8243; position_vertical=&#8221;middle&#8221; gutter_size=&#8221;3&#8243; style=&#8221;dark&#8221; overlay_alpha=&#8221;50&#8243; shift_x=&#8221;0&#8243; shift_y=&#8221;0&#8243; shift_y_down=&#8221;0&#8243; z_index=&#8221;0&#8243; medium_width=&#8221;5&#8243; mobile_width=&#8221;0&#8243; width=&#8221;2\/3&#8243; uncode_shortcode_id=&#8221;193478&#8243;][vc_row_inner row_inner_height_percent=&#8221;0&#8243; overlay_alpha=&#8221;50&#8243; gutter_size=&#8221;4&#8243; shift_y=&#8221;0&#8243; z_index=&#8221;0&#8243; limit_content=&#8221;&#8221;][vc_column_inner column_width_percent=&#8221;100&#8243; gutter_size=&#8221;3&#8243; style=&#8221;dark&#8221; overlay_alpha=&#8221;50&#8243; shift_x=&#8221;0&#8243; shift_y=&#8221;0&#8243; shift_y_down=&#8221;0&#8243; z_index=&#8221;0&#8243; medium_width=&#8221;0&#8243; mobile_width=&#8221;0&#8243; width=&#8221;1\/1&#8243;][vc_custom_heading heading_semantic=&#8221;h3&#8243; text_size=&#8221;h3&#8243; text_weight=&#8221;300&#8243; sub_lead=&#8221;yes&#8221; sub_reduced=&#8221;yes&#8221; uncode_shortcode_id=&#8221;659756&#8243;]CIPAM offers a range of solutions for the <strong class=\"d2b\">metallurgy<\/strong> and <strong class=\"d2b\">steel<\/strong> industries to ensure <strong class=\"d2b\">product traceability<\/strong> and automatic quality control.<\/p>\n<p>Metal lends itself to various <strong class=\"d2b\">marking technologies<\/strong>: laser, micro-percussion or scribing.<\/p>\n<p>We provide <a href=\"https:\/\/www.cipam.com\/categorie-de-produit\/marquage-laser\/\"><strong class=\"d2b\">permanent marking solutions<\/strong><\/a> for<strong class=\"d2b\">industrial component identification<\/strong>. We create programmable <strong class=\"d2b\">marking systems<\/strong> for direct identification on parts or nameplates. And we develop solutions to capture information by<strong class=\"d2b\">identifying parts with a<\/strong> unique<strong class=\"d2b\">Datamatrix code<\/strong>. This <a href=\"https:\/\/www.cipam.com\/solutions\/identifier-vos-actifs\/\"><strong class=\"d2b\">2D code<\/strong><\/a> code is then scanned and combined with other production information in a networked database. This enables us to build up a <strong class=\"d2b\">traceability<\/strong> history for each <strong class=\"d2b\">part<\/strong>.[\/vc_custom_heading][\/vc_column_inner][\/vc_row_inner][\/vc_column][\/vc_row][vc_row row_height_percent=&#8221;0&#8243; override_padding=&#8221;yes&#8221; h_padding=&#8221;2&#8243; top_padding=&#8221;5&#8243; bottom_padding=&#8221;2&#8243; overlay_alpha=&#8221;50&#8243; gutter_size=&#8221;3&#8243; column_width_percent=&#8221;100&#8243; shift_y=&#8221;0&#8243; z_index=&#8221;0&#8243; content_parallax=&#8221;0&#8243; uncode_shortcode_id=&#8221;175458&#8243;][vc_column column_width_use_pixel=&#8221;yes&#8221; align_horizontal=&#8221;align_center&#8221; gutter_size=&#8221;3&#8243; overlay_alpha=&#8221;50&#8243; shift_x=&#8221;0&#8243; shift_y=&#8221;0&#8243; shift_y_down=&#8221;0&#8243; z_index=&#8221;0&#8243; medium_width=&#8221;0&#8243; mobile_width=&#8221;0&#8243; width=&#8221;1\/2&#8243; column_width_pixel=&#8221;900&#8243; uncode_shortcode_id=&#8221;338325&#8243;][vc_custom_heading heading_semantic=&#8221;h3&#8243; text_size=&#8221;fontsize-155944&#8243; uncode_shortcode_id=&#8221;213232&#8243;]Example of a realization[\/vc_custom_heading][\/vc_column][\/vc_row][vc_row unlock_row_content=&#8221;yes&#8221; row_height_percent=&#8221;0&#8243; override_padding=&#8221;yes&#8221; h_padding=&#8221;2&#8243; top_padding=&#8221;4&#8243; bottom_padding=&#8221;5&#8243; overlay_alpha=&#8221;50&#8243; gutter_size=&#8221;4&#8243; column_width_use_pixel=&#8221;yes&#8221; shift_y=&#8221;0&#8243; z_index=&#8221;0&#8243; content_parallax=&#8221;0&#8243; el_class=&#8221;inverted-device-order&#8221; column_width_pixel=&#8221;1600&#8243; uncode_shortcode_id=&#8221;510496&#8243;][vc_column column_width_percent=&#8221;100&#8243; gutter_size=&#8221;3&#8243; overlay_alpha=&#8221;50&#8243; shift_x=&#8221;0&#8243; shift_y=&#8221;0&#8243; shift_y_down=&#8221;0&#8243; z_index=&#8221;0&#8243; medium_width=&#8221;0&#8243; mobile_width=&#8221;0&#8243; width=&#8221;1\/2&#8243; uncode_shortcode_id=&#8221;867598&#8243;][vc_single_image media=&#8221;6007&#8243; media_width_percent=&#8221;100&#8243; media_ratio=&#8221;four-three&#8221; uncode_shortcode_id=&#8221;151167&#8243;][\/vc_column][vc_column width=&#8221;1\/2&#8243;][vc_custom_heading heading_semantic=&#8221;h3&#8243; text_size=&#8221;fontsize-155944&#8243; uncode_shortcode_id=&#8221;123340&#8243;]Optimizing personnel safety on a SEVESO site[\/vc_custom_heading][vc_column_text uncode_shortcode_id=&#8221;935684&#8243;]<\/p>\n<ul class=\"modal-content-list ps ps--active-y\">\n<li class=\"modal-content-item\"><span class=\"modal-content-item--title\"><em>Context<\/em><\/span>\n<div class=\"txt-ctnr\">\n<p>On a SEVESO site, customers are subject to regular alarm tests; During these tests, all site personnel must gather in specific areas; The customer must be able to ensure that all staff have followed the procedure within the allotted time; This operation generally takes 1h30 to manage 3 assembly points;<\/p><\/div>\n<\/li>\n<li class=\"modal-content-item\"><span class=\"modal-content-item--title\"><em>Objective<\/em><\/span>\n<div class=\"txt-ctnr\">\n<p>Reduce the time taken for these tests while making it more reliable to monitor your staff during the alarm;<\/p><\/div>\n<\/li>\n<li class=\"modal-content-item\"><span class=\"modal-content-item--title\"><em>Solution implemented<\/em><\/span>\n<div class=\"txt-ctnr\">\n<p>Each assembly point is equipped with a badge reader and a badge with a unique identifier is allocated to each member of staff;<\/p>\n<p>When the alarm goes off, each person goes to the nearest assembly point and confirms their presence by presenting their badge in the badge reader;<\/p>\n<p>A computer application retrieves this data and compiles the following lists in real time on the monitoring screen:<\/p>\n<ul>\n<li>list of people present at each assembly point with precise time of badge reading<\/li>\n<li>list of missing<\/li>\n<\/ul>\n<\/div>\n<\/li>\n<li class=\"modal-content-item\"><span class=\"modal-content-item--title\"><em>Earnings<\/em><\/span>\n<div class=\"txt-ctnr\">\n<p>The monthly alarm test now only takes 15 minutes, which over 1 year represents a saving of more than 5.5 hours for each employee at the site;<\/p><\/div>\n<\/li>\n<li class=\"modal-content-item\"><span class=\"modal-content-item--title\"><em>Services\/Supplies<\/em><\/span>\n<div class=\"txt-ctnr\">\n<ul>\n<li>Design and integration of badge reader boxes for each assembly point (several technologies are possible for these badges\/badge readers: RFID, magnetic, barcode)<\/li>\n<li>Personalised badges and badge accessories (this type of application can, of course, be grafted onto existing badges)<\/li>\n<li>TCP\/IP communication with the enclosures via a Windows application;<\/li>\n<li>PC application developed in Vb.net + Oracle base, Windows service for real-time monitoring;<\/li>\n<\/ul>\n<\/div>\n<\/li>\n<li class=\"modal-content-item\"><\/li>\n<\/ul>\n<p>[\/vc_column_text][\/vc_column][\/vc_row][vc_row row_height_percent=&#8221;50&#8243; override_padding=&#8221;yes&#8221; h_padding=&#8221;2&#8243; top_padding=&#8221;5&#8243; bottom_padding=&#8221;5&#8243; overlay_alpha=&#8221;50&#8243; gutter_size=&#8221;3&#8243; column_width_percent=&#8221;100&#8243; shift_y=&#8221;0&#8243; z_index=&#8221;0&#8243;][vc_column column_width_use_pixel=&#8221;yes&#8221; position_vertical=&#8221;middle&#8221; align_horizontal=&#8221;align_center&#8221; gutter_size=&#8221;3&#8243; overlay_alpha=&#8221;50&#8243; shift_x=&#8221;0&#8243; shift_y=&#8221;0&#8243; shift_y_down=&#8221;0&#8243; z_index=&#8221;0&#8243; medium_width=&#8221;0&#8243; mobile_width=&#8221;0&#8243; width=&#8221;1\/1&#8243; column_width_pixel=&#8221;900&#8243;][vc_custom_heading heading_semantic=&#8221;h3&#8243; text_size=&#8221;fontsize-155944&#8243; uncode_shortcode_id=&#8221;122074&#8243;]Would you like to find out more about our solutions?[\/vc_custom_heading][vc_column_text text_lead=&#8221;yes&#8221; uncode_shortcode_id=&#8221;171203&#8243;]Let&#8217;s discuss your needs<br \/>\nIntervention anywhere in France and Europe[\/vc_column_text][vc_empty_space empty_h=&#8221;2&#8243;][vc_button button_color=&#8221;accent&#8221; border_width=&#8221;0&#8243; display=&#8221;inline&#8221; link=&#8221;url:https%3A%2F%2Fcipam.com%2Fen%2Fcontact-us%2F&#8221; button_color_type=&#8221;uncode-palette&#8221; uncode_shortcode_id=&#8221;206938&#8243;]Contact a CIPAM expert[\/vc_button][\/vc_column][\/vc_row][vc_row row_height_percent=&#8221;0&#8243; override_padding=&#8221;yes&#8221; h_padding=&#8221;2&#8243; top_padding=&#8221;5&#8243; bottom_padding=&#8221;2&#8243; overlay_alpha=&#8221;50&#8243; gutter_size=&#8221;3&#8243; column_width_percent=&#8221;100&#8243; shift_y=&#8221;0&#8243; z_index=&#8221;0&#8243; content_parallax=&#8221;0&#8243; uncode_shortcode_id=&#8221;439364&#8243;][vc_column column_width_use_pixel=&#8221;yes&#8221; align_horizontal=&#8221;align_center&#8221; gutter_size=&#8221;3&#8243; overlay_alpha=&#8221;50&#8243; shift_x=&#8221;0&#8243; shift_y=&#8221;0&#8243; shift_y_down=&#8221;0&#8243; z_index=&#8221;0&#8243; medium_width=&#8221;0&#8243; mobile_width=&#8221;0&#8243; width=&#8221;1\/1&#8243; column_width_pixel=&#8221;900&#8243;][vc_custom_heading heading_semantic=&#8221;h3&#8243; text_size=&#8221;fontsize-155944&#8243; uncode_shortcode_id=&#8221;153180&#8243;]Why choose CIPAM?[\/vc_custom_heading][\/vc_column][\/vc_row][vc_row row_height_percent=&#8221;0&#8243; override_padding=&#8221;yes&#8221; h_padding=&#8221;2&#8243; top_padding=&#8221;5&#8243; bottom_padding=&#8221;5&#8243; overlay_alpha=&#8221;50&#8243; gutter_size=&#8221;3&#8243; column_width_percent=&#8221;100&#8243; shift_y=&#8221;0&#8243; z_index=&#8221;1&#8243; top_divider=&#8221;gradient&#8221; bottom_divider=&#8221;gradient&#8221;][vc_column column_width_percent=&#8221;100&#8243; gutter_size=&#8221;4&#8243; overlay_alpha=&#8221;50&#8243; shift_x=&#8221;0&#8243; shift_y=&#8221;0&#8243; shift_y_down=&#8221;0&#8243; z_index=&#8221;0&#8243; medium_width=&#8221;0&#8243; mobile_width=&#8221;0&#8243; width=&#8221;1\/1&#8243;][vc_row_inner row_inner_height_percent=&#8221;0&#8243; overlay_alpha=&#8221;50&#8243; equal_height=&#8221;yes&#8221; gutter_size=&#8221;4&#8243; shift_y=&#8221;0&#8243; z_index=&#8221;0&#8243;][vc_column_inner column_width_percent=&#8221;100&#8243; gutter_size=&#8221;3&#8243; overlay_alpha=&#8221;50&#8243; radius=&#8221;sm&#8221; shift_x=&#8221;0&#8243; shift_y=&#8221;0&#8243; shift_y_down=&#8221;0&#8243; z_index=&#8221;0&#8243; medium_width=&#8221;3&#8243; mobile_width=&#8221;0&#8243; width=&#8221;1\/3&#8243;][vc_icon position=&#8221;left&#8221; title_aligned_icon=&#8221;yes&#8221; icon=&#8221;fa fa-hourglass&#8221; icon_color=&#8221;accent&#8221; size=&#8221;fa-3x&#8221; text_size=&#8221;h4&#8243; add_margin=&#8221;yes&#8221; title=&#8221;30+ years&apos; experience in the field&#8221; link=&#8221;|||&#8221; uncode_shortcode_id=&#8221;400319&#8243; icon_color_type=&#8221;uncode-palette&#8221;][\/vc_icon][\/vc_column_inner][vc_column_inner column_width_percent=&#8221;100&#8243; gutter_size=&#8221;3&#8243; overlay_alpha=&#8221;50&#8243; radius=&#8221;sm&#8221; shift_x=&#8221;0&#8243; shift_y=&#8221;0&#8243; shift_y_down=&#8221;0&#8243; z_index=&#8221;0&#8243; medium_width=&#8221;3&#8243; mobile_width=&#8221;0&#8243; width=&#8221;1\/3&#8243;][vc_icon position=&#8221;left&#8221; title_aligned_icon=&#8221;yes&#8221; icon=&#8221;fa fa-location2&#8243; icon_color=&#8221;accent&#8221; size=&#8221;fa-3x&#8221; text_size=&#8221;h4&#8243; add_margin=&#8221;yes&#8221; title=&#8221;Over 400 sites equipped in France and Europe&#8221; link=&#8221;|||&#8221; uncode_shortcode_id=&#8221;200907&#8243; icon_color_type=&#8221;uncode-palette&#8221;][\/vc_icon][\/vc_column_inner][vc_column_inner column_width_percent=&#8221;100&#8243; gutter_size=&#8221;3&#8243; overlay_alpha=&#8221;50&#8243; radius=&#8221;sm&#8221; shift_x=&#8221;0&#8243; shift_y=&#8221;0&#8243; shift_y_down=&#8221;0&#8243; z_index=&#8221;0&#8243; medium_width=&#8221;3&#8243; mobile_width=&#8221;0&#8243; width=&#8221;1\/3&#8243; link_to=&#8221;|||&#8221;][vc_icon position=&#8221;left&#8221; title_aligned_icon=&#8221;yes&#8221; icon=&#8221;fa fa-circle-o-notch&#8221; icon_color=&#8221;accent&#8221; size=&#8221;fa-3x&#8221; text_size=&#8221;h4&#8243; add_margin=&#8221;yes&#8221; title=&#8221;A global approach: audit, equipment, software, integration&#8221; link=&#8221;|||&#8221; uncode_shortcode_id=&#8221;181301&#8243; icon_color_type=&#8221;uncode-palette&#8221;][\/vc_icon][\/vc_column_inner][\/vc_row_inner][vc_row_inner row_inner_height_percent=&#8221;0&#8243; overlay_alpha=&#8221;50&#8243; equal_height=&#8221;yes&#8221; gutter_size=&#8221;4&#8243; shift_y=&#8221;0&#8243; z_index=&#8221;0&#8243;][vc_column_inner column_width_percent=&#8221;100&#8243; gutter_size=&#8221;3&#8243; overlay_alpha=&#8221;50&#8243; radius=&#8221;sm&#8221; shift_x=&#8221;0&#8243; shift_y=&#8221;0&#8243; shift_y_down=&#8221;0&#8243; z_index=&#8221;0&#8243; medium_width=&#8221;3&#8243; mobile_width=&#8221;0&#8243; width=&#8221;1\/3&#8243;][vc_icon position=&#8221;left&#8221; title_aligned_icon=&#8221;yes&#8221; icon=&#8221;fa fa-users2&#8243; icon_color=&#8221;accent&#8221; size=&#8221;fa-3x&#8221; text_size=&#8221;h4&#8243; add_margin=&#8221;yes&#8221; title=&#8221;Long-term support (maintenance, upgrades, support)&#8221; link=&#8221;|||&#8221; uncode_shortcode_id=&#8221;158709&#8243; icon_color_type=&#8221;uncode-palette&#8221;][\/vc_icon][\/vc_column_inner][vc_column_inner column_width_percent=&#8221;100&#8243; gutter_size=&#8221;3&#8243; overlay_alpha=&#8221;50&#8243; radius=&#8221;sm&#8221; shift_x=&#8221;0&#8243; shift_y=&#8221;0&#8243; shift_y_down=&#8221;0&#8243; z_index=&#8221;0&#8243; medium_width=&#8221;3&#8243; mobile_width=&#8221;0&#8243; width=&#8221;1\/3&#8243;][vc_icon position=&#8221;left&#8221; title_aligned_icon=&#8221;yes&#8221; icon=&#8221;fa fa-eur&#8221; icon_color=&#8221;accent&#8221; size=&#8221;fa-3x&#8221; text_size=&#8221;h4&#8243; add_margin=&#8221;yes&#8221; title=&#8221;A clear objective: to help you make the most of every solution deployed&#8221; link=&#8221;|||&#8221; uncode_shortcode_id=&#8221;101526&#8243; icon_color_type=&#8221;uncode-palette&#8221;][\/vc_icon][\/vc_column_inner][vc_column_inner column_width_percent=&#8221;100&#8243; gutter_size=&#8221;3&#8243; overlay_alpha=&#8221;50&#8243; radius=&#8221;sm&#8221; shift_x=&#8221;0&#8243; shift_y=&#8221;0&#8243; shift_y_down=&#8221;0&#8243; z_index=&#8221;0&#8243; medium_width=&#8221;3&#8243; mobile_width=&#8221;0&#8243; width=&#8221;1\/3&#8243; link_to=&#8221;|||&#8221;][vc_icon position=&#8221;left&#8221; title_aligned_icon=&#8221;yes&#8221; icon=&#8221;fa fa-global&#8221; icon_color=&#8221;accent&#8221; size=&#8221;fa-3x&#8221; text_size=&#8221;h4&#8243; add_margin=&#8221;yes&#8221; title=&#8221;Ongoing technology watch&#8221; link=&#8221;|||&#8221; uncode_shortcode_id=&#8221;115267&#8243; icon_color_type=&#8221;uncode-palette&#8221;][\/vc_icon][\/vc_column_inner][\/vc_row_inner][\/vc_column][\/vc_row]<\/p>\n<\/div>","protected":false},"excerpt":{"rendered":"<p>[vc_row row_height_percent=&#8221;0&#8243; override_padding=&#8221;yes&#8221; h_padding=&#8221;2&#8243; top_padding=&#8221;7&#8243; bottom_padding=&#8221;7&#8243; back_color=&#8221;color-xsdn&#8221; overlay_alpha=&#8221;50&#8243; gutter_size=&#8221;3&#8243; column_width_percent=&#8221;100&#8243; shift_y=&#8221;0&#8243; z_index=&#8221;0&#8243;][vc_column width=&#8221;1\/1&#8243;][vc_custom_heading heading_semantic=&#8221;h1&#8243; text_size=&#8221;custom&#8221; text_weight=&#8221;300&#8243; uncode_shortcode_id=&#8221;117108&#8243; heading_custom_size=&#8221;clamp(45px,5vw,75px)&#8221;]Identification and traceability [&hellip;]<\/p>\n","protected":false},"author":14,"featured_media":0,"parent":0,"menu_order":0,"comment_status":"closed","ping_status":"closed","template":"","meta":{"_acf_changed":false,"content-type":"","footnotes":""},"class_list":["post-156630","page","type-page","status-publish","hentry","page_category-cipam-en","page_category-achievements"],"acf":[],"yoast_head":"<!-- This site is optimized with the Yoast SEO Premium plugin v27.1 (Yoast SEO v27.1.1) - https:\/\/yoast.com\/product\/yoast-seo-premium-wordpress\/ -->\n<title>Metallurgy - CIPAM<\/title>\n<meta name=\"description\" content=\"The CIPAM connected forklift transforms your handling fleet into a precise traceability tool thanks to RFID sensors.\" \/>\n<meta name=\"robots\" content=\"index, follow, max-snippet:-1, max-image-preview:large, max-video-preview:-1\" \/>\n<link rel=\"canonical\" href=\"https:\/\/cipam.com\/en\/metallurgy\/\" \/>\n<meta property=\"og:locale\" content=\"en_US\" \/>\n<meta property=\"og:type\" content=\"article\" \/>\n<meta property=\"og:title\" content=\"Metallurgy\" \/>\n<meta property=\"og:description\" content=\"The CIPAM connected forklift transforms your handling fleet into a precise traceability tool thanks to RFID sensors.\" \/>\n<meta property=\"og:url\" content=\"https:\/\/cipam.com\/en\/metallurgy\/\" \/>\n<meta property=\"og:site_name\" content=\"CIPAM\" \/>\n<meta property=\"article:modified_time\" content=\"2025-05-23T08:58:58+00:00\" \/>\n<meta name=\"twitter:card\" content=\"summary_large_image\" \/>\n<meta name=\"twitter:label1\" content=\"Est. reading time\" \/>\n\t<meta name=\"twitter:data1\" content=\"8 minutes\" \/>\n<script type=\"application\/ld+json\" class=\"yoast-schema-graph\">{\"@context\":\"https:\/\/schema.org\",\"@graph\":[{\"@type\":\"TechArticle\",\"@id\":\"https:\/\/cipam.com\/en\/metallurgy\/#article\",\"isPartOf\":{\"@id\":\"https:\/\/cipam.com\/en\/metallurgy\/\"},\"author\":{\"name\":\"Maxime\",\"@id\":\"https:\/\/cipam.com\/en\/#\/schema\/person\/f82c966251f38af7bf6868ac59591f65\"},\"headline\":\"Metallurgy\",\"datePublished\":\"2025-05-22T11:11:06+00:00\",\"dateModified\":\"2025-05-23T08:58:58+00:00\",\"mainEntityOfPage\":{\"@id\":\"https:\/\/cipam.com\/en\/metallurgy\/\"},\"wordCount\":1517,\"publisher\":{\"@id\":\"https:\/\/cipam.com\/en\/#organization\"},\"inLanguage\":\"en-US\"},{\"@type\":\"WebPage\",\"@id\":\"https:\/\/cipam.com\/en\/metallurgy\/\",\"url\":\"https:\/\/cipam.com\/en\/metallurgy\/\",\"name\":\"Metallurgy - CIPAM\",\"isPartOf\":{\"@id\":\"https:\/\/cipam.com\/en\/#website\"},\"datePublished\":\"2025-05-22T11:11:06+00:00\",\"dateModified\":\"2025-05-23T08:58:58+00:00\",\"description\":\"The CIPAM connected forklift transforms your handling fleet into a precise traceability tool thanks to RFID sensors.\",\"breadcrumb\":{\"@id\":\"https:\/\/cipam.com\/en\/metallurgy\/#breadcrumb\"},\"inLanguage\":\"en-US\",\"potentialAction\":[{\"@type\":\"ReadAction\",\"target\":[\"https:\/\/cipam.com\/en\/metallurgy\/\"]}]},{\"@type\":\"BreadcrumbList\",\"@id\":\"https:\/\/cipam.com\/en\/metallurgy\/#breadcrumb\",\"itemListElement\":[{\"@type\":\"ListItem\",\"position\":1,\"name\":\"Home\",\"item\":\"https:\/\/cipam.com\/en\/\"},{\"@type\":\"ListItem\",\"position\":2,\"name\":\"Metallurgy\"}]},{\"@type\":\"WebSite\",\"@id\":\"https:\/\/cipam.com\/en\/#website\",\"url\":\"https:\/\/cipam.com\/en\/\",\"name\":\"CIPAM\",\"description\":\"Smart traceability and connected solutions\",\"publisher\":{\"@id\":\"https:\/\/cipam.com\/en\/#organization\"},\"alternateName\":\"Solutions de tra\u00e7abilit\u00e9 intelligentes et connect\u00e9es\",\"potentialAction\":[{\"@type\":\"SearchAction\",\"target\":{\"@type\":\"EntryPoint\",\"urlTemplate\":\"https:\/\/cipam.com\/en\/?s={search_term_string}\"},\"query-input\":{\"@type\":\"PropertyValueSpecification\",\"valueRequired\":true,\"valueName\":\"search_term_string\"}}],\"inLanguage\":\"en-US\"},{\"@type\":\"Organization\",\"@id\":\"https:\/\/cipam.com\/en\/#organization\",\"name\":\"CIPAM\",\"url\":\"https:\/\/cipam.com\/en\/\",\"logo\":{\"@type\":\"ImageObject\",\"inLanguage\":\"en-US\",\"@id\":\"https:\/\/cipam.com\/en\/#\/schema\/logo\/image\/\",\"url\":\"https:\/\/cipam.com\/wp-content\/uploads\/2025\/05\/logo_CIPAM_black_font_NO_bg_No_BL.svg\",\"contentUrl\":\"https:\/\/cipam.com\/wp-content\/uploads\/2025\/05\/logo_CIPAM_black_font_NO_bg_No_BL.svg\",\"width\":1,\"height\":1,\"caption\":\"CIPAM\"},\"image\":{\"@id\":\"https:\/\/cipam.com\/en\/#\/schema\/logo\/image\/\"},\"sameAs\":[\"https:\/\/www.linkedin.com\/company\/cipamid\/\"]},{\"@type\":\"Person\",\"@id\":\"https:\/\/cipam.com\/en\/#\/schema\/person\/f82c966251f38af7bf6868ac59591f65\",\"name\":\"Maxime\",\"image\":{\"@type\":\"ImageObject\",\"inLanguage\":\"en-US\",\"@id\":\"https:\/\/cipam.com\/en\/#\/schema\/person\/image\/\",\"url\":\"https:\/\/secure.gravatar.com\/avatar\/40d792570790f3d0a35cbf710efa7b82a6cb498d1dc69c641a21538fdc8ffc39?s=96&d=mm&r=g\",\"contentUrl\":\"https:\/\/secure.gravatar.com\/avatar\/40d792570790f3d0a35cbf710efa7b82a6cb498d1dc69c641a21538fdc8ffc39?s=96&d=mm&r=g\",\"caption\":\"Maxime\"}}]}<\/script>\n<!-- \/ Yoast SEO Premium plugin. -->","yoast_head_json":{"title":"Metallurgy - CIPAM","description":"The CIPAM connected forklift transforms your handling fleet into a precise traceability tool thanks to RFID sensors.","robots":{"index":"index","follow":"follow","max-snippet":"max-snippet:-1","max-image-preview":"max-image-preview:large","max-video-preview":"max-video-preview:-1"},"canonical":"https:\/\/cipam.com\/en\/metallurgy\/","og_locale":"en_US","og_type":"article","og_title":"Metallurgy","og_description":"The CIPAM connected forklift transforms your handling fleet into a precise traceability tool thanks to RFID sensors.","og_url":"https:\/\/cipam.com\/en\/metallurgy\/","og_site_name":"CIPAM","article_modified_time":"2025-05-23T08:58:58+00:00","twitter_card":"summary_large_image","twitter_misc":{"Est. reading time":"8 minutes"},"schema":{"@context":"https:\/\/schema.org","@graph":[{"@type":"TechArticle","@id":"https:\/\/cipam.com\/en\/metallurgy\/#article","isPartOf":{"@id":"https:\/\/cipam.com\/en\/metallurgy\/"},"author":{"name":"Maxime","@id":"https:\/\/cipam.com\/en\/#\/schema\/person\/f82c966251f38af7bf6868ac59591f65"},"headline":"Metallurgy","datePublished":"2025-05-22T11:11:06+00:00","dateModified":"2025-05-23T08:58:58+00:00","mainEntityOfPage":{"@id":"https:\/\/cipam.com\/en\/metallurgy\/"},"wordCount":1517,"publisher":{"@id":"https:\/\/cipam.com\/en\/#organization"},"inLanguage":"en-US"},{"@type":"WebPage","@id":"https:\/\/cipam.com\/en\/metallurgy\/","url":"https:\/\/cipam.com\/en\/metallurgy\/","name":"Metallurgy - CIPAM","isPartOf":{"@id":"https:\/\/cipam.com\/en\/#website"},"datePublished":"2025-05-22T11:11:06+00:00","dateModified":"2025-05-23T08:58:58+00:00","description":"The CIPAM connected forklift transforms your handling fleet into a precise traceability tool thanks to RFID sensors.","breadcrumb":{"@id":"https:\/\/cipam.com\/en\/metallurgy\/#breadcrumb"},"inLanguage":"en-US","potentialAction":[{"@type":"ReadAction","target":["https:\/\/cipam.com\/en\/metallurgy\/"]}]},{"@type":"BreadcrumbList","@id":"https:\/\/cipam.com\/en\/metallurgy\/#breadcrumb","itemListElement":[{"@type":"ListItem","position":1,"name":"Home","item":"https:\/\/cipam.com\/en\/"},{"@type":"ListItem","position":2,"name":"Metallurgy"}]},{"@type":"WebSite","@id":"https:\/\/cipam.com\/en\/#website","url":"https:\/\/cipam.com\/en\/","name":"CIPAM","description":"Smart traceability and connected solutions","publisher":{"@id":"https:\/\/cipam.com\/en\/#organization"},"alternateName":"Solutions de tra\u00e7abilit\u00e9 intelligentes et connect\u00e9es","potentialAction":[{"@type":"SearchAction","target":{"@type":"EntryPoint","urlTemplate":"https:\/\/cipam.com\/en\/?s={search_term_string}"},"query-input":{"@type":"PropertyValueSpecification","valueRequired":true,"valueName":"search_term_string"}}],"inLanguage":"en-US"},{"@type":"Organization","@id":"https:\/\/cipam.com\/en\/#organization","name":"CIPAM","url":"https:\/\/cipam.com\/en\/","logo":{"@type":"ImageObject","inLanguage":"en-US","@id":"https:\/\/cipam.com\/en\/#\/schema\/logo\/image\/","url":"https:\/\/cipam.com\/wp-content\/uploads\/2025\/05\/logo_CIPAM_black_font_NO_bg_No_BL.svg","contentUrl":"https:\/\/cipam.com\/wp-content\/uploads\/2025\/05\/logo_CIPAM_black_font_NO_bg_No_BL.svg","width":1,"height":1,"caption":"CIPAM"},"image":{"@id":"https:\/\/cipam.com\/en\/#\/schema\/logo\/image\/"},"sameAs":["https:\/\/www.linkedin.com\/company\/cipamid\/"]},{"@type":"Person","@id":"https:\/\/cipam.com\/en\/#\/schema\/person\/f82c966251f38af7bf6868ac59591f65","name":"Maxime","image":{"@type":"ImageObject","inLanguage":"en-US","@id":"https:\/\/cipam.com\/en\/#\/schema\/person\/image\/","url":"https:\/\/secure.gravatar.com\/avatar\/40d792570790f3d0a35cbf710efa7b82a6cb498d1dc69c641a21538fdc8ffc39?s=96&d=mm&r=g","contentUrl":"https:\/\/secure.gravatar.com\/avatar\/40d792570790f3d0a35cbf710efa7b82a6cb498d1dc69c641a21538fdc8ffc39?s=96&d=mm&r=g","caption":"Maxime"}}]}},"_links":{"self":[{"href":"https:\/\/cipam.com\/en\/wp-json\/wp\/v2\/pages\/156630","targetHints":{"allow":["GET"]}}],"collection":[{"href":"https:\/\/cipam.com\/en\/wp-json\/wp\/v2\/pages"}],"about":[{"href":"https:\/\/cipam.com\/en\/wp-json\/wp\/v2\/types\/page"}],"author":[{"embeddable":true,"href":"https:\/\/cipam.com\/en\/wp-json\/wp\/v2\/users\/14"}],"replies":[{"embeddable":true,"href":"https:\/\/cipam.com\/en\/wp-json\/wp\/v2\/comments?post=156630"}],"version-history":[{"count":0,"href":"https:\/\/cipam.com\/en\/wp-json\/wp\/v2\/pages\/156630\/revisions"}],"wp:attachment":[{"href":"https:\/\/cipam.com\/en\/wp-json\/wp\/v2\/media?parent=156630"}],"curies":[{"name":"wp","href":"https:\/\/api.w.org\/{rel}","templated":true}]}}