{"id":159607,"date":"2025-06-16T11:04:17","date_gmt":"2025-06-16T09:04:17","guid":{"rendered":"https:\/\/cipam.com\/book-a-meeting\/"},"modified":"2026-02-09T11:46:08","modified_gmt":"2026-02-09T10:46:08","slug":"book-a-meeting","status":"publish","type":"page","link":"https:\/\/cipam.com\/en\/book-a-meeting\/","title":{"rendered":"Book a meeting"},"content":{"rendered":"<div class=\"wpb-content-wrapper\"><p>[vc_row row_height_percent=&#8221;100&#8243; overlay_alpha=&#8221;50&#8243; equal_height=&#8221;justify&#8221; gutter_size=&#8221;3&#8243; column_width_percent=&#8221;100&#8243; shift_y=&#8221;0&#8243; z_index=&#8221;0&#8243; content_parallax=&#8221;0&#8243; uncode_shortcode_id=&#8221;164028&#8243; row_height_pixel=&#8221;650px&#8221;][vc_column column_width_percent=&#8221;100&#8243; gutter_size=&#8221;3&#8243; expand_height=&#8221;yes&#8221; overlay_alpha=&#8221;50&#8243; shift_x=&#8221;0&#8243; shift_y=&#8221;0&#8243; shift_y_down=&#8221;0&#8243; z_index=&#8221;0&#8243; medium_width=&#8221;0&#8243; mobile_width=&#8221;0&#8243; width=&#8221;1\/1&#8243; uncode_shortcode_id=&#8221;232666&#8243;][vc_column_text uncode_shortcode_id=&#8221;166976&#8243;]<\/p>\n<h1>Book a meeting with one of our experts<\/h1>\n<p>[\/vc_column_text][vc_raw_html]JTNDaWZyYW1lJTIwc3JjJTNEJTI3aHR0cHMlM0ElMkYlMkZvdXRsb29rLm9mZmljZS5jb20lMkZib29rJTJGRXhwZXJ0c0NJUEFNJTQwdGVwaHJhb25lLmNvbSUyRiUyNyUyMHdpZHRoJTNEJTI3MTAwJTI1JTI3JTIwaGVpZ2h0JTNEJTI3MjAwMHB4JTI3JTIwc2Nyb2xsaW5nJTNEJTI3eWVzJTI3JTIwc3R5bGUlM0QlMjdib3JkZXIlM0EwJTI3JTNFJTNDJTJGaWZyYW1lJTNF[\/vc_raw_html][\/vc_column][\/vc_row][vc_row][vc_column width=&#8221;1\/4&#8243;][vc_row_inner][vc_column_inner column_width_percent=&#8221;100&#8243; gutter_size=&#8221;0&#8243; back_color=&#8221;color-xsdn&#8221; overlay_alpha=&#8221;50&#8243; radius=&#8221;hg&#8221; shift_x=&#8221;0&#8243; shift_y=&#8221;0&#8243; shift_y_down=&#8221;0&#8243; z_index=&#8221;0&#8243; medium_width=&#8221;0&#8243; mobile_width=&#8221;0&#8243; width=&#8221;1\/1&#8243; uncode_shortcode_id=&#8221;191156&#8243; back_color_type=&#8221;uncode-palette&#8221;][vc_column_text text_color=&#8221;color-172345&#8243; uncode_shortcode_id=&#8221;145087&#8243; text_color_type=&#8221;uncode-palette&#8221;]<\/p>\n<h3 class=\"green\">Give us a call<\/h3>\n<p>[\/vc_column_text][vc_column_text text_color=&#8221;color-jevc&#8221; uncode_shortcode_id=&#8221;207522&#8243; text_color_type=&#8221;uncode-palette&#8221;]<a href=\"tel:04%2073%2026%2095%2016\">04 73 26 95 16<\/a>[\/vc_column_text][\/vc_column_inner][\/vc_row_inner][\/vc_column][vc_column width=&#8221;1\/4&#8243;][vc_row_inner][vc_column_inner column_width_percent=&#8221;100&#8243; gutter_size=&#8221;0&#8243; back_color=&#8221;color-xsdn&#8221; overlay_alpha=&#8221;50&#8243; radius=&#8221;hg&#8221; shift_x=&#8221;0&#8243; shift_y=&#8221;0&#8243; shift_y_down=&#8221;0&#8243; z_index=&#8221;0&#8243; medium_width=&#8221;0&#8243; mobile_width=&#8221;0&#8243; width=&#8221;1\/1&#8243; uncode_shortcode_id=&#8221;191156&#8243; back_color_type=&#8221;uncode-palette&#8221;][vc_column_text text_color=&#8221;color-172345&#8243; uncode_shortcode_id=&#8221;816566&#8243; text_color_type=&#8221;uncode-palette&#8221;]<\/p>\n<h3 class=\"green\">Address<\/h3>\n<p>[\/vc_column_text][vc_column_text text_color=&#8221;color-jevc&#8221; uncode_shortcode_id=&#8221;273967&#8243; text_color_type=&#8221;uncode-palette&#8221;]15 route du Cendre<br \/>\n<span data-olk-copy-source=\"MessageBody\">63800 Cournon d\u2019Auvergne<br \/>\n<\/span>FRANCE[\/vc_column_text][\/vc_column_inner][\/vc_row_inner][\/vc_column][vc_column width=&#8221;1\/4&#8243;][vc_row_inner][vc_column_inner column_width_percent=&#8221;100&#8243; gutter_size=&#8221;0&#8243; back_color=&#8221;color-xsdn&#8221; overlay_alpha=&#8221;50&#8243; radius=&#8221;hg&#8221; shift_x=&#8221;0&#8243; shift_y=&#8221;0&#8243; shift_y_down=&#8221;0&#8243; z_index=&#8221;0&#8243; medium_width=&#8221;0&#8243; mobile_width=&#8221;0&#8243; width=&#8221;1\/1&#8243; uncode_shortcode_id=&#8221;191156&#8243; back_color_type=&#8221;uncode-palette&#8221;][vc_column_text text_color=&#8221;color-172345&#8243; uncode_shortcode_id=&#8221;159780&#8243; text_color_type=&#8221;uncode-palette&#8221;]<\/p>\n<h3 class=\"green\">E-mail<\/h3>\n<p>[\/vc_column_text][vc_column_text text_color=&#8221;color-jevc&#8221; uncode_shortcode_id=&#8221;285067&#8243; text_color_type=&#8221;uncode-palette&#8221;]<a href=\"mailto:contact@cipam.com\">contact@cipam.com<\/a>[\/vc_column_text][\/vc_column_inner][\/vc_row_inner][\/vc_column][vc_column width=&#8221;1\/4&#8243;][vc_row_inner][vc_column_inner column_width_percent=&#8221;100&#8243; gutter_size=&#8221;0&#8243; back_color=&#8221;color-xsdn&#8221; overlay_alpha=&#8221;50&#8243; radius=&#8221;hg&#8221; shift_x=&#8221;0&#8243; shift_y=&#8221;0&#8243; shift_y_down=&#8221;0&#8243; z_index=&#8221;0&#8243; medium_width=&#8221;0&#8243; mobile_width=&#8221;0&#8243; width=&#8221;1\/1&#8243; uncode_shortcode_id=&#8221;191156&#8243; back_color_type=&#8221;uncode-palette&#8221;][vc_column_text text_color=&#8221;color-172345&#8243; uncode_shortcode_id=&#8221;172991&#8243; text_color_type=&#8221;uncode-palette&#8221;]<\/p>\n<h3 class=\"green\">Our branches<\/h3>\n<p>[\/vc_column_text][vc_column_text text_color=&#8221;color-jevc&#8221; uncode_shortcode_id=&#8221;204204&#8243; text_color_type=&#8221;uncode-palette&#8221;]Paris : <a href=\"tel:+33661445387\">+33 (<em>0)6 61 44 53 87<\/em><\/a><\/p>\n<p><a href=\"tel:0232325823\">R\u00e9gion Ouest : +33 (0)2<span data-olk-copy-source=\"MessageBody\"> 32 32 58 23<\/span><\/a><\/p>\n<p><a href=\"tel:+33666715122\">Montpellier : +33 (<em>0)6 66 71 51 22<\/em><\/a><\/p>\n<p><a href=\"tel:+352691294903\">Luxembourg : +352 691 294 903<\/a>[\/vc_column_text][\/vc_column_inner][\/vc_row_inner][\/vc_column][\/vc_row]<\/p>\n<\/div>","protected":false},"excerpt":{"rendered":"<p>[vc_row row_height_percent=&#8221;100&#8243; overlay_alpha=&#8221;50&#8243; equal_height=&#8221;justify&#8221; gutter_size=&#8221;3&#8243; column_width_percent=&#8221;100&#8243; shift_y=&#8221;0&#8243; z_index=&#8221;0&#8243; content_parallax=&#8221;0&#8243; uncode_shortcode_id=&#8221;164028&#8243; row_height_pixel=&#8221;650px&#8221;][vc_column column_width_percent=&#8221;100&#8243; gutter_size=&#8221;3&#8243; expand_height=&#8221;yes&#8221; overlay_alpha=&#8221;50&#8243; shift_x=&#8221;0&#8243; shift_y=&#8221;0&#8243; shift_y_down=&#8221;0&#8243; z_index=&#8221;0&#8243; medium_width=&#8221;0&#8243; [&hellip;]<\/p>\n","protected":false},"author":14,"featured_media":0,"parent":0,"menu_order":0,"comment_status":"closed","ping_status":"closed","template":"","meta":{"_acf_changed":false,"content-type":"","footnotes":""},"class_list":["post-159607","page","type-page","status-publish","hentry"],"acf":[],"yoast_head":"<!-- This site is optimized with the Yoast SEO Premium plugin v27.1 (Yoast SEO v27.1.1) - https:\/\/yoast.com\/product\/yoast-seo-premium-wordpress\/ -->\n<title>Book a meeting with one of our rexpert<\/title>\n<meta name=\"description\" content=\"An automated identification project? Make an appointment now with one of our traceability and automation experts.\" \/>\n<meta name=\"robots\" content=\"index, follow, max-snippet:-1, max-image-preview:large, max-video-preview:-1\" \/>\n<link rel=\"canonical\" href=\"https:\/\/cipam.com\/en\/book-a-meeting\/\" \/>\n<meta property=\"og:locale\" content=\"en_US\" \/>\n<meta property=\"og:type\" content=\"article\" \/>\n<meta property=\"og:title\" content=\"Book a meeting\" \/>\n<meta property=\"og:description\" content=\"An automated identification project? Make an appointment now with one of our traceability and automation experts.\" \/>\n<meta property=\"og:url\" content=\"https:\/\/cipam.com\/en\/book-a-meeting\/\" \/>\n<meta property=\"og:site_name\" content=\"CIPAM\" \/>\n<meta property=\"article:modified_time\" content=\"2026-02-09T10:46:08+00:00\" \/>\n<meta name=\"twitter:card\" content=\"summary_large_image\" \/>\n<meta name=\"twitter:label1\" content=\"Est. reading time\" \/>\n\t<meta name=\"twitter:data1\" content=\"1 minute\" \/>\n<script type=\"application\/ld+json\" class=\"yoast-schema-graph\">{\"@context\":\"https:\/\/schema.org\",\"@graph\":[{\"@type\":\"TechArticle\",\"@id\":\"https:\/\/cipam.com\/en\/book-a-meeting\/#article\",\"isPartOf\":{\"@id\":\"https:\/\/cipam.com\/en\/book-a-meeting\/\"},\"author\":{\"name\":\"Maxime\",\"@id\":\"https:\/\/cipam.com\/en\/#\/schema\/person\/f82c966251f38af7bf6868ac59591f65\"},\"headline\":\"Book a meeting\",\"datePublished\":\"2025-06-16T09:04:17+00:00\",\"dateModified\":\"2026-02-09T10:46:08+00:00\",\"mainEntityOfPage\":{\"@id\":\"https:\/\/cipam.com\/en\/book-a-meeting\/\"},\"wordCount\":477,\"publisher\":{\"@id\":\"https:\/\/cipam.com\/en\/#organization\"},\"inLanguage\":\"en-US\"},{\"@type\":\"WebPage\",\"@id\":\"https:\/\/cipam.com\/en\/book-a-meeting\/\",\"url\":\"https:\/\/cipam.com\/en\/book-a-meeting\/\",\"name\":\"Book a meeting with one of our rexpert\",\"isPartOf\":{\"@id\":\"https:\/\/cipam.com\/en\/#website\"},\"datePublished\":\"2025-06-16T09:04:17+00:00\",\"dateModified\":\"2026-02-09T10:46:08+00:00\",\"description\":\"An automated identification project? Make an appointment now with one of our traceability and automation experts.\",\"breadcrumb\":{\"@id\":\"https:\/\/cipam.com\/en\/book-a-meeting\/#breadcrumb\"},\"inLanguage\":\"en-US\",\"potentialAction\":[{\"@type\":\"ReadAction\",\"target\":[\"https:\/\/cipam.com\/en\/book-a-meeting\/\"]}]},{\"@type\":\"BreadcrumbList\",\"@id\":\"https:\/\/cipam.com\/en\/book-a-meeting\/#breadcrumb\",\"itemListElement\":[{\"@type\":\"ListItem\",\"position\":1,\"name\":\"Home\",\"item\":\"https:\/\/cipam.com\/en\/\"},{\"@type\":\"ListItem\",\"position\":2,\"name\":\"Book a meeting\"}]},{\"@type\":\"WebSite\",\"@id\":\"https:\/\/cipam.com\/en\/#website\",\"url\":\"https:\/\/cipam.com\/en\/\",\"name\":\"CIPAM\",\"description\":\"Smart traceability and connected solutions\",\"publisher\":{\"@id\":\"https:\/\/cipam.com\/en\/#organization\"},\"alternateName\":\"Solutions de tra\u00e7abilit\u00e9 intelligentes et connect\u00e9es\",\"potentialAction\":[{\"@type\":\"SearchAction\",\"target\":{\"@type\":\"EntryPoint\",\"urlTemplate\":\"https:\/\/cipam.com\/en\/?s={search_term_string}\"},\"query-input\":{\"@type\":\"PropertyValueSpecification\",\"valueRequired\":true,\"valueName\":\"search_term_string\"}}],\"inLanguage\":\"en-US\"},{\"@type\":\"Organization\",\"@id\":\"https:\/\/cipam.com\/en\/#organization\",\"name\":\"CIPAM\",\"url\":\"https:\/\/cipam.com\/en\/\",\"logo\":{\"@type\":\"ImageObject\",\"inLanguage\":\"en-US\",\"@id\":\"https:\/\/cipam.com\/en\/#\/schema\/logo\/image\/\",\"url\":\"https:\/\/cipam.com\/wp-content\/uploads\/2025\/05\/logo_CIPAM_black_font_NO_bg_No_BL.svg\",\"contentUrl\":\"https:\/\/cipam.com\/wp-content\/uploads\/2025\/05\/logo_CIPAM_black_font_NO_bg_No_BL.svg\",\"width\":1,\"height\":1,\"caption\":\"CIPAM\"},\"image\":{\"@id\":\"https:\/\/cipam.com\/en\/#\/schema\/logo\/image\/\"},\"sameAs\":[\"https:\/\/www.linkedin.com\/company\/cipamid\/\"]},{\"@type\":\"Person\",\"@id\":\"https:\/\/cipam.com\/en\/#\/schema\/person\/f82c966251f38af7bf6868ac59591f65\",\"name\":\"Maxime\",\"image\":{\"@type\":\"ImageObject\",\"inLanguage\":\"en-US\",\"@id\":\"https:\/\/cipam.com\/en\/#\/schema\/person\/image\/\",\"url\":\"https:\/\/secure.gravatar.com\/avatar\/40d792570790f3d0a35cbf710efa7b82a6cb498d1dc69c641a21538fdc8ffc39?s=96&d=mm&r=g\",\"contentUrl\":\"https:\/\/secure.gravatar.com\/avatar\/40d792570790f3d0a35cbf710efa7b82a6cb498d1dc69c641a21538fdc8ffc39?s=96&d=mm&r=g\",\"caption\":\"Maxime\"}}]}<\/script>\n<!-- \/ Yoast SEO Premium plugin. -->","yoast_head_json":{"title":"Book a meeting with one of our rexpert","description":"An automated identification project? Make an appointment now with one of our traceability and automation experts.","robots":{"index":"index","follow":"follow","max-snippet":"max-snippet:-1","max-image-preview":"max-image-preview:large","max-video-preview":"max-video-preview:-1"},"canonical":"https:\/\/cipam.com\/en\/book-a-meeting\/","og_locale":"en_US","og_type":"article","og_title":"Book a meeting","og_description":"An automated identification project? Make an appointment now with one of our traceability and automation experts.","og_url":"https:\/\/cipam.com\/en\/book-a-meeting\/","og_site_name":"CIPAM","article_modified_time":"2026-02-09T10:46:08+00:00","twitter_card":"summary_large_image","twitter_misc":{"Est. reading time":"1 minute"},"schema":{"@context":"https:\/\/schema.org","@graph":[{"@type":"TechArticle","@id":"https:\/\/cipam.com\/en\/book-a-meeting\/#article","isPartOf":{"@id":"https:\/\/cipam.com\/en\/book-a-meeting\/"},"author":{"name":"Maxime","@id":"https:\/\/cipam.com\/en\/#\/schema\/person\/f82c966251f38af7bf6868ac59591f65"},"headline":"Book a meeting","datePublished":"2025-06-16T09:04:17+00:00","dateModified":"2026-02-09T10:46:08+00:00","mainEntityOfPage":{"@id":"https:\/\/cipam.com\/en\/book-a-meeting\/"},"wordCount":477,"publisher":{"@id":"https:\/\/cipam.com\/en\/#organization"},"inLanguage":"en-US"},{"@type":"WebPage","@id":"https:\/\/cipam.com\/en\/book-a-meeting\/","url":"https:\/\/cipam.com\/en\/book-a-meeting\/","name":"Book a meeting with one of our rexpert","isPartOf":{"@id":"https:\/\/cipam.com\/en\/#website"},"datePublished":"2025-06-16T09:04:17+00:00","dateModified":"2026-02-09T10:46:08+00:00","description":"An automated identification project? Make an appointment now with one of our traceability and automation experts.","breadcrumb":{"@id":"https:\/\/cipam.com\/en\/book-a-meeting\/#breadcrumb"},"inLanguage":"en-US","potentialAction":[{"@type":"ReadAction","target":["https:\/\/cipam.com\/en\/book-a-meeting\/"]}]},{"@type":"BreadcrumbList","@id":"https:\/\/cipam.com\/en\/book-a-meeting\/#breadcrumb","itemListElement":[{"@type":"ListItem","position":1,"name":"Home","item":"https:\/\/cipam.com\/en\/"},{"@type":"ListItem","position":2,"name":"Book a meeting"}]},{"@type":"WebSite","@id":"https:\/\/cipam.com\/en\/#website","url":"https:\/\/cipam.com\/en\/","name":"CIPAM","description":"Smart traceability and connected solutions","publisher":{"@id":"https:\/\/cipam.com\/en\/#organization"},"alternateName":"Solutions de tra\u00e7abilit\u00e9 intelligentes et connect\u00e9es","potentialAction":[{"@type":"SearchAction","target":{"@type":"EntryPoint","urlTemplate":"https:\/\/cipam.com\/en\/?s={search_term_string}"},"query-input":{"@type":"PropertyValueSpecification","valueRequired":true,"valueName":"search_term_string"}}],"inLanguage":"en-US"},{"@type":"Organization","@id":"https:\/\/cipam.com\/en\/#organization","name":"CIPAM","url":"https:\/\/cipam.com\/en\/","logo":{"@type":"ImageObject","inLanguage":"en-US","@id":"https:\/\/cipam.com\/en\/#\/schema\/logo\/image\/","url":"https:\/\/cipam.com\/wp-content\/uploads\/2025\/05\/logo_CIPAM_black_font_NO_bg_No_BL.svg","contentUrl":"https:\/\/cipam.com\/wp-content\/uploads\/2025\/05\/logo_CIPAM_black_font_NO_bg_No_BL.svg","width":1,"height":1,"caption":"CIPAM"},"image":{"@id":"https:\/\/cipam.com\/en\/#\/schema\/logo\/image\/"},"sameAs":["https:\/\/www.linkedin.com\/company\/cipamid\/"]},{"@type":"Person","@id":"https:\/\/cipam.com\/en\/#\/schema\/person\/f82c966251f38af7bf6868ac59591f65","name":"Maxime","image":{"@type":"ImageObject","inLanguage":"en-US","@id":"https:\/\/cipam.com\/en\/#\/schema\/person\/image\/","url":"https:\/\/secure.gravatar.com\/avatar\/40d792570790f3d0a35cbf710efa7b82a6cb498d1dc69c641a21538fdc8ffc39?s=96&d=mm&r=g","contentUrl":"https:\/\/secure.gravatar.com\/avatar\/40d792570790f3d0a35cbf710efa7b82a6cb498d1dc69c641a21538fdc8ffc39?s=96&d=mm&r=g","caption":"Maxime"}}]}},"_links":{"self":[{"href":"https:\/\/cipam.com\/en\/wp-json\/wp\/v2\/pages\/159607","targetHints":{"allow":["GET"]}}],"collection":[{"href":"https:\/\/cipam.com\/en\/wp-json\/wp\/v2\/pages"}],"about":[{"href":"https:\/\/cipam.com\/en\/wp-json\/wp\/v2\/types\/page"}],"author":[{"embeddable":true,"href":"https:\/\/cipam.com\/en\/wp-json\/wp\/v2\/users\/14"}],"replies":[{"embeddable":true,"href":"https:\/\/cipam.com\/en\/wp-json\/wp\/v2\/comments?post=159607"}],"version-history":[{"count":11,"href":"https:\/\/cipam.com\/en\/wp-json\/wp\/v2\/pages\/159607\/revisions"}],"predecessor-version":[{"id":160654,"href":"https:\/\/cipam.com\/en\/wp-json\/wp\/v2\/pages\/159607\/revisions\/160654"}],"wp:attachment":[{"href":"https:\/\/cipam.com\/en\/wp-json\/wp\/v2\/media?parent=159607"}],"curies":[{"name":"wp","href":"https:\/\/api.w.org\/{rel}","templated":true}]}}