{"id":7223,"date":"2023-09-29T15:42:29","date_gmt":"2023-09-29T13:42:29","guid":{"rendered":"https:\/\/www.cipam.com\/home\/"},"modified":"2024-10-15T09:51:59","modified_gmt":"2024-10-15T07:51:59","slug":"home","status":"publish","type":"page","link":"https:\/\/cipam.com\/en\/home\/","title":{"rendered":"Home"},"content":{"rendered":"<p>CIPAM is an integrator of <strong>traceability solutions<\/strong>. CIPAM creates, develops and integrates turnkey, tailor-made <strong>traceability and automated identification solutions.<\/strong> CIPAM defines itself as a true <strong>partner<\/strong> for your <strong>traceability projects.<\/strong> CIPAM supports you from A to Z. From defining your needs to maintaining your installations, including IT development. A pioneer in the development of <strong>RFID in the industrial field<\/strong>, CIPAM positions itself as a major player in <strong>industrial traceability<\/strong>. With nearly 30 years of experience and know-how, CIPAM <strong>optimizes the management of your data and processes.<\/strong> Versatile and innovative, CIPAM seeks out the best <strong>traceability and automatic identification technologies for you: RFID, barcodes, 2D codes, RTLS<\/strong>. Since its creation, CIPAM has been committed to providing you with <strong>turnkey, customised traceability and automated identification solutions<\/strong>. CIPAM can support you from the very beginning of your project right through to the maintenance of your installations. Thanks to their experience, CIPAM&#8217;s experts can always find the right solutions to meet your needs. <a href=\"https:\/\/cipam.com\/en\/solutions\/\">All CIPAM&#8217;s solutions CIPAM<\/a> operates throughout France and abroad in all industrial sectors: administration, food processing, aeronautics, automotive, environment, electronics, logistics, metallurgy, petrochemicals, health, etc. <a href=\"https:\/\/cipam.com\/en\/categorie-de-realisations\/industry\/\">All our achievements in different sectors of activity<\/a> CIPAM looks for the best products to meet your expectations. Surrounded by numerous partners but free from any exclusivity, CIPAM seeks the most suitable product. <a href=\"https:\/\/cipam.com\/produits\/\">Catalogue produits<\/a><\/p>\n<p>&nbsp;<\/p>\n<p><img decoding=\"async\" class=\"alignnone wp-image-119\" src=\"https:\/\/cipam.com\/wp-content\/uploads\/2023\/10\/cipam-illustration.svg\" alt=\"\" width=\"907\" height=\"610\" \/><\/p>\n","protected":false},"excerpt":{"rendered":"<p>CIPAM is an integrator of traceability solutions. CIPAM creates, develops and integrates turnkey, tailor-made traceability and automated identification solutions. CIPAM [&hellip;]<\/p>\n","protected":false},"author":14,"featured_media":0,"parent":0,"menu_order":0,"comment_status":"closed","ping_status":"closed","template":"","meta":{"_acf_changed":false,"content-type":"","footnotes":""},"class_list":["post-7223","page","type-page","status-publish","hentry"],"acf":[],"yoast_head":"<!-- This site is optimized with the Yoast SEO Premium plugin v27.1 (Yoast SEO v27.1.1) - https:\/\/yoast.com\/product\/yoast-seo-premium-wordpress\/ -->\n<title>Integrator of industrial traceability solutions, product identification systems<\/title>\n<meta name=\"description\" content=\"CIPAM, specialist in the integration of traceability solutions for industry, offers identification systems for assets and personnel. Contact us now!\" \/>\n<meta name=\"robots\" content=\"index, follow, max-snippet:-1, max-image-preview:large, max-video-preview:-1\" \/>\n<link rel=\"canonical\" href=\"https:\/\/cipam.com\/en\/home\/\" \/>\n<meta property=\"og:locale\" content=\"en_US\" \/>\n<meta property=\"og:type\" content=\"article\" \/>\n<meta property=\"og:title\" content=\"Home\" \/>\n<meta property=\"og:description\" content=\"CIPAM, specialist in the integration of traceability solutions for industry, offers identification systems for assets and personnel. Contact us now!\" \/>\n<meta property=\"og:url\" content=\"https:\/\/cipam.com\/en\/home\/\" \/>\n<meta property=\"og:site_name\" content=\"CIPAM\" \/>\n<meta property=\"article:modified_time\" content=\"2024-10-15T07:51:59+00:00\" \/>\n<meta property=\"og:image\" content=\"https:\/\/cipam.com\/wp-content\/uploads\/2023\/10\/cipam-illustration.svg\" \/>\n<meta name=\"twitter:card\" content=\"summary_large_image\" \/>\n<meta name=\"twitter:label1\" content=\"Est. reading time\" \/>\n\t<meta name=\"twitter:data1\" content=\"2 minutes\" \/>\n<script type=\"application\/ld+json\" class=\"yoast-schema-graph\">{\"@context\":\"https:\/\/schema.org\",\"@graph\":[{\"@type\":\"TechArticle\",\"@id\":\"https:\/\/cipam.com\/en\/home\/#article\",\"isPartOf\":{\"@id\":\"https:\/\/cipam.com\/en\/home\/\"},\"author\":{\"name\":\"Maxime\",\"@id\":\"https:\/\/cipam.com\/en\/#\/schema\/person\/f82c966251f38af7bf6868ac59591f65\"},\"headline\":\"Home\",\"datePublished\":\"2023-09-29T13:42:29+00:00\",\"dateModified\":\"2024-10-15T07:51:59+00:00\",\"mainEntityOfPage\":{\"@id\":\"https:\/\/cipam.com\/en\/home\/\"},\"wordCount\":222,\"publisher\":{\"@id\":\"https:\/\/cipam.com\/en\/#organization\"},\"image\":{\"@id\":\"https:\/\/cipam.com\/en\/home\/#primaryimage\"},\"thumbnailUrl\":\"https:\/\/cipam.com\/wp-content\/uploads\/2023\/10\/cipam-illustration.svg\",\"inLanguage\":\"en-US\"},{\"@type\":\"WebPage\",\"@id\":\"https:\/\/cipam.com\/en\/home\/\",\"url\":\"https:\/\/cipam.com\/en\/home\/\",\"name\":\"Integrator of industrial traceability solutions, product identification systems\",\"isPartOf\":{\"@id\":\"https:\/\/cipam.com\/en\/#website\"},\"primaryImageOfPage\":{\"@id\":\"https:\/\/cipam.com\/en\/home\/#primaryimage\"},\"image\":{\"@id\":\"https:\/\/cipam.com\/en\/home\/#primaryimage\"},\"thumbnailUrl\":\"https:\/\/cipam.com\/wp-content\/uploads\/2023\/10\/cipam-illustration.svg\",\"datePublished\":\"2023-09-29T13:42:29+00:00\",\"dateModified\":\"2024-10-15T07:51:59+00:00\",\"description\":\"CIPAM, specialist in the integration of traceability solutions for industry, offers identification systems for assets and personnel. Contact us now!\",\"breadcrumb\":{\"@id\":\"https:\/\/cipam.com\/en\/home\/#breadcrumb\"},\"inLanguage\":\"en-US\",\"potentialAction\":[{\"@type\":\"ReadAction\",\"target\":[\"https:\/\/cipam.com\/en\/home\/\"]}]},{\"@type\":\"ImageObject\",\"inLanguage\":\"en-US\",\"@id\":\"https:\/\/cipam.com\/en\/home\/#primaryimage\",\"url\":\"https:\/\/cipam.com\/wp-content\/uploads\/2023\/10\/cipam-illustration.svg\",\"contentUrl\":\"https:\/\/cipam.com\/wp-content\/uploads\/2023\/10\/cipam-illustration.svg\"},{\"@type\":\"BreadcrumbList\",\"@id\":\"https:\/\/cipam.com\/en\/home\/#breadcrumb\",\"itemListElement\":[{\"@type\":\"ListItem\",\"position\":1,\"name\":\"Home\",\"item\":\"https:\/\/cipam.com\/en\/\"},{\"@type\":\"ListItem\",\"position\":2,\"name\":\"Home\"}]},{\"@type\":\"WebSite\",\"@id\":\"https:\/\/cipam.com\/en\/#website\",\"url\":\"https:\/\/cipam.com\/en\/\",\"name\":\"CIPAM\",\"description\":\"Smart traceability and connected solutions\",\"publisher\":{\"@id\":\"https:\/\/cipam.com\/en\/#organization\"},\"alternateName\":\"Solutions de tra\u00e7abilit\u00e9 intelligentes et connect\u00e9es\",\"potentialAction\":[{\"@type\":\"SearchAction\",\"target\":{\"@type\":\"EntryPoint\",\"urlTemplate\":\"https:\/\/cipam.com\/en\/?s={search_term_string}\"},\"query-input\":{\"@type\":\"PropertyValueSpecification\",\"valueRequired\":true,\"valueName\":\"search_term_string\"}}],\"inLanguage\":\"en-US\"},{\"@type\":\"Organization\",\"@id\":\"https:\/\/cipam.com\/en\/#organization\",\"name\":\"CIPAM\",\"url\":\"https:\/\/cipam.com\/en\/\",\"logo\":{\"@type\":\"ImageObject\",\"inLanguage\":\"en-US\",\"@id\":\"https:\/\/cipam.com\/en\/#\/schema\/logo\/image\/\",\"url\":\"https:\/\/cipam.com\/wp-content\/uploads\/2025\/05\/logo_CIPAM_black_font_NO_bg_No_BL.svg\",\"contentUrl\":\"https:\/\/cipam.com\/wp-content\/uploads\/2025\/05\/logo_CIPAM_black_font_NO_bg_No_BL.svg\",\"width\":1,\"height\":1,\"caption\":\"CIPAM\"},\"image\":{\"@id\":\"https:\/\/cipam.com\/en\/#\/schema\/logo\/image\/\"},\"sameAs\":[\"https:\/\/www.linkedin.com\/company\/cipamid\/\"]},{\"@type\":\"Person\",\"@id\":\"https:\/\/cipam.com\/en\/#\/schema\/person\/f82c966251f38af7bf6868ac59591f65\",\"name\":\"Maxime\",\"image\":{\"@type\":\"ImageObject\",\"inLanguage\":\"en-US\",\"@id\":\"https:\/\/cipam.com\/en\/#\/schema\/person\/image\/\",\"url\":\"https:\/\/secure.gravatar.com\/avatar\/40d792570790f3d0a35cbf710efa7b82a6cb498d1dc69c641a21538fdc8ffc39?s=96&d=mm&r=g\",\"contentUrl\":\"https:\/\/secure.gravatar.com\/avatar\/40d792570790f3d0a35cbf710efa7b82a6cb498d1dc69c641a21538fdc8ffc39?s=96&d=mm&r=g\",\"caption\":\"Maxime\"}}]}<\/script>\n<!-- \/ Yoast SEO Premium plugin. -->","yoast_head_json":{"title":"Integrator of industrial traceability solutions, product identification systems","description":"CIPAM, specialist in the integration of traceability solutions for industry, offers identification systems for assets and personnel. Contact us now!","robots":{"index":"index","follow":"follow","max-snippet":"max-snippet:-1","max-image-preview":"max-image-preview:large","max-video-preview":"max-video-preview:-1"},"canonical":"https:\/\/cipam.com\/en\/home\/","og_locale":"en_US","og_type":"article","og_title":"Home","og_description":"CIPAM, specialist in the integration of traceability solutions for industry, offers identification systems for assets and personnel. Contact us now!","og_url":"https:\/\/cipam.com\/en\/home\/","og_site_name":"CIPAM","article_modified_time":"2024-10-15T07:51:59+00:00","og_image":[{"url":"https:\/\/cipam.com\/wp-content\/uploads\/2023\/10\/cipam-illustration.svg","type":"","width":"","height":""}],"twitter_card":"summary_large_image","twitter_misc":{"Est. reading time":"2 minutes"},"schema":{"@context":"https:\/\/schema.org","@graph":[{"@type":"TechArticle","@id":"https:\/\/cipam.com\/en\/home\/#article","isPartOf":{"@id":"https:\/\/cipam.com\/en\/home\/"},"author":{"name":"Maxime","@id":"https:\/\/cipam.com\/en\/#\/schema\/person\/f82c966251f38af7bf6868ac59591f65"},"headline":"Home","datePublished":"2023-09-29T13:42:29+00:00","dateModified":"2024-10-15T07:51:59+00:00","mainEntityOfPage":{"@id":"https:\/\/cipam.com\/en\/home\/"},"wordCount":222,"publisher":{"@id":"https:\/\/cipam.com\/en\/#organization"},"image":{"@id":"https:\/\/cipam.com\/en\/home\/#primaryimage"},"thumbnailUrl":"https:\/\/cipam.com\/wp-content\/uploads\/2023\/10\/cipam-illustration.svg","inLanguage":"en-US"},{"@type":"WebPage","@id":"https:\/\/cipam.com\/en\/home\/","url":"https:\/\/cipam.com\/en\/home\/","name":"Integrator of industrial traceability solutions, product identification systems","isPartOf":{"@id":"https:\/\/cipam.com\/en\/#website"},"primaryImageOfPage":{"@id":"https:\/\/cipam.com\/en\/home\/#primaryimage"},"image":{"@id":"https:\/\/cipam.com\/en\/home\/#primaryimage"},"thumbnailUrl":"https:\/\/cipam.com\/wp-content\/uploads\/2023\/10\/cipam-illustration.svg","datePublished":"2023-09-29T13:42:29+00:00","dateModified":"2024-10-15T07:51:59+00:00","description":"CIPAM, specialist in the integration of traceability solutions for industry, offers identification systems for assets and personnel. Contact us now!","breadcrumb":{"@id":"https:\/\/cipam.com\/en\/home\/#breadcrumb"},"inLanguage":"en-US","potentialAction":[{"@type":"ReadAction","target":["https:\/\/cipam.com\/en\/home\/"]}]},{"@type":"ImageObject","inLanguage":"en-US","@id":"https:\/\/cipam.com\/en\/home\/#primaryimage","url":"https:\/\/cipam.com\/wp-content\/uploads\/2023\/10\/cipam-illustration.svg","contentUrl":"https:\/\/cipam.com\/wp-content\/uploads\/2023\/10\/cipam-illustration.svg"},{"@type":"BreadcrumbList","@id":"https:\/\/cipam.com\/en\/home\/#breadcrumb","itemListElement":[{"@type":"ListItem","position":1,"name":"Home","item":"https:\/\/cipam.com\/en\/"},{"@type":"ListItem","position":2,"name":"Home"}]},{"@type":"WebSite","@id":"https:\/\/cipam.com\/en\/#website","url":"https:\/\/cipam.com\/en\/","name":"CIPAM","description":"Smart traceability and connected solutions","publisher":{"@id":"https:\/\/cipam.com\/en\/#organization"},"alternateName":"Solutions de tra\u00e7abilit\u00e9 intelligentes et connect\u00e9es","potentialAction":[{"@type":"SearchAction","target":{"@type":"EntryPoint","urlTemplate":"https:\/\/cipam.com\/en\/?s={search_term_string}"},"query-input":{"@type":"PropertyValueSpecification","valueRequired":true,"valueName":"search_term_string"}}],"inLanguage":"en-US"},{"@type":"Organization","@id":"https:\/\/cipam.com\/en\/#organization","name":"CIPAM","url":"https:\/\/cipam.com\/en\/","logo":{"@type":"ImageObject","inLanguage":"en-US","@id":"https:\/\/cipam.com\/en\/#\/schema\/logo\/image\/","url":"https:\/\/cipam.com\/wp-content\/uploads\/2025\/05\/logo_CIPAM_black_font_NO_bg_No_BL.svg","contentUrl":"https:\/\/cipam.com\/wp-content\/uploads\/2025\/05\/logo_CIPAM_black_font_NO_bg_No_BL.svg","width":1,"height":1,"caption":"CIPAM"},"image":{"@id":"https:\/\/cipam.com\/en\/#\/schema\/logo\/image\/"},"sameAs":["https:\/\/www.linkedin.com\/company\/cipamid\/"]},{"@type":"Person","@id":"https:\/\/cipam.com\/en\/#\/schema\/person\/f82c966251f38af7bf6868ac59591f65","name":"Maxime","image":{"@type":"ImageObject","inLanguage":"en-US","@id":"https:\/\/cipam.com\/en\/#\/schema\/person\/image\/","url":"https:\/\/secure.gravatar.com\/avatar\/40d792570790f3d0a35cbf710efa7b82a6cb498d1dc69c641a21538fdc8ffc39?s=96&d=mm&r=g","contentUrl":"https:\/\/secure.gravatar.com\/avatar\/40d792570790f3d0a35cbf710efa7b82a6cb498d1dc69c641a21538fdc8ffc39?s=96&d=mm&r=g","caption":"Maxime"}}]}},"_links":{"self":[{"href":"https:\/\/cipam.com\/en\/wp-json\/wp\/v2\/pages\/7223","targetHints":{"allow":["GET"]}}],"collection":[{"href":"https:\/\/cipam.com\/en\/wp-json\/wp\/v2\/pages"}],"about":[{"href":"https:\/\/cipam.com\/en\/wp-json\/wp\/v2\/types\/page"}],"author":[{"embeddable":true,"href":"https:\/\/cipam.com\/en\/wp-json\/wp\/v2\/users\/14"}],"replies":[{"embeddable":true,"href":"https:\/\/cipam.com\/en\/wp-json\/wp\/v2\/comments?post=7223"}],"version-history":[{"count":0,"href":"https:\/\/cipam.com\/en\/wp-json\/wp\/v2\/pages\/7223\/revisions"}],"wp:attachment":[{"href":"https:\/\/cipam.com\/en\/wp-json\/wp\/v2\/media?parent=7223"}],"curies":[{"name":"wp","href":"https:\/\/api.w.org\/{rel}","templated":true}]}}