{"id":7231,"date":"2023-10-02T10:56:45","date_gmt":"2023-10-02T08:56:45","guid":{"rendered":"https:\/\/www.cipam.com\/terms-and-conditions-of-use\/"},"modified":"2024-02-16T11:15:42","modified_gmt":"2024-02-16T10:15:42","slug":"terms-and-conditions-of-use","status":"publish","type":"page","link":"https:\/\/cipam.com\/en\/terms-and-conditions-of-use\/","title":{"rendered":"Terms and conditions of use"},"content":{"rendered":"","protected":false},"excerpt":{"rendered":"","protected":false},"author":14,"featured_media":0,"parent":0,"menu_order":0,"comment_status":"closed","ping_status":"closed","template":"","meta":{"_acf_changed":false,"content-type":"","footnotes":""},"class_list":["post-7231","page","type-page","status-publish","hentry"],"acf":[],"yoast_head":"<!-- This site is optimized with the Yoast SEO Premium plugin v27.1 (Yoast SEO v27.1.1) - https:\/\/yoast.com\/product\/yoast-seo-premium-wordpress\/ -->\n<title>Terms and conditions of use - CIPAM<\/title>\n<meta name=\"robots\" content=\"index, follow, max-snippet:-1, max-image-preview:large, max-video-preview:-1\" \/>\n<link rel=\"canonical\" href=\"https:\/\/cipam.com\/en\/terms-and-conditions-of-use\/\" \/>\n<meta property=\"og:locale\" content=\"en_US\" \/>\n<meta property=\"og:type\" content=\"article\" \/>\n<meta property=\"og:title\" content=\"Terms and conditions of use\" \/>\n<meta property=\"og:url\" content=\"https:\/\/cipam.com\/en\/terms-and-conditions-of-use\/\" \/>\n<meta property=\"og:site_name\" content=\"CIPAM\" \/>\n<meta property=\"article:modified_time\" content=\"2024-02-16T10:15:42+00:00\" \/>\n<meta name=\"twitter:card\" content=\"summary_large_image\" \/>\n<script type=\"application\/ld+json\" class=\"yoast-schema-graph\">{\"@context\":\"https:\/\/schema.org\",\"@graph\":[{\"@type\":\"TechArticle\",\"@id\":\"https:\/\/cipam.com\/en\/terms-and-conditions-of-use\/#article\",\"isPartOf\":{\"@id\":\"https:\/\/cipam.com\/en\/terms-and-conditions-of-use\/\"},\"author\":{\"name\":\"Maxime\",\"@id\":\"https:\/\/cipam.com\/en\/#\/schema\/person\/f82c966251f38af7bf6868ac59591f65\"},\"headline\":\"Terms and conditions of use\",\"datePublished\":\"2023-10-02T08:56:45+00:00\",\"dateModified\":\"2024-02-16T10:15:42+00:00\",\"mainEntityOfPage\":{\"@id\":\"https:\/\/cipam.com\/en\/terms-and-conditions-of-use\/\"},\"wordCount\":5,\"publisher\":{\"@id\":\"https:\/\/cipam.com\/en\/#organization\"},\"inLanguage\":\"en-US\"},{\"@type\":\"WebPage\",\"@id\":\"https:\/\/cipam.com\/en\/terms-and-conditions-of-use\/\",\"url\":\"https:\/\/cipam.com\/en\/terms-and-conditions-of-use\/\",\"name\":\"Terms and conditions of use - CIPAM\",\"isPartOf\":{\"@id\":\"https:\/\/cipam.com\/en\/#website\"},\"datePublished\":\"2023-10-02T08:56:45+00:00\",\"dateModified\":\"2024-02-16T10:15:42+00:00\",\"breadcrumb\":{\"@id\":\"https:\/\/cipam.com\/en\/terms-and-conditions-of-use\/#breadcrumb\"},\"inLanguage\":\"en-US\",\"potentialAction\":[{\"@type\":\"ReadAction\",\"target\":[\"https:\/\/cipam.com\/en\/terms-and-conditions-of-use\/\"]}]},{\"@type\":\"BreadcrumbList\",\"@id\":\"https:\/\/cipam.com\/en\/terms-and-conditions-of-use\/#breadcrumb\",\"itemListElement\":[{\"@type\":\"ListItem\",\"position\":1,\"name\":\"Home\",\"item\":\"https:\/\/cipam.com\/en\/\"},{\"@type\":\"ListItem\",\"position\":2,\"name\":\"Terms and conditions of use\"}]},{\"@type\":\"WebSite\",\"@id\":\"https:\/\/cipam.com\/en\/#website\",\"url\":\"https:\/\/cipam.com\/en\/\",\"name\":\"CIPAM\",\"description\":\"Smart traceability and connected solutions\",\"publisher\":{\"@id\":\"https:\/\/cipam.com\/en\/#organization\"},\"alternateName\":\"Solutions de tra\u00e7abilit\u00e9 intelligentes et connect\u00e9es\",\"potentialAction\":[{\"@type\":\"SearchAction\",\"target\":{\"@type\":\"EntryPoint\",\"urlTemplate\":\"https:\/\/cipam.com\/en\/?s={search_term_string}\"},\"query-input\":{\"@type\":\"PropertyValueSpecification\",\"valueRequired\":true,\"valueName\":\"search_term_string\"}}],\"inLanguage\":\"en-US\"},{\"@type\":\"Organization\",\"@id\":\"https:\/\/cipam.com\/en\/#organization\",\"name\":\"CIPAM\",\"url\":\"https:\/\/cipam.com\/en\/\",\"logo\":{\"@type\":\"ImageObject\",\"inLanguage\":\"en-US\",\"@id\":\"https:\/\/cipam.com\/en\/#\/schema\/logo\/image\/\",\"url\":\"https:\/\/cipam.com\/wp-content\/uploads\/2025\/05\/logo_CIPAM_black_font_NO_bg_No_BL.svg\",\"contentUrl\":\"https:\/\/cipam.com\/wp-content\/uploads\/2025\/05\/logo_CIPAM_black_font_NO_bg_No_BL.svg\",\"width\":1,\"height\":1,\"caption\":\"CIPAM\"},\"image\":{\"@id\":\"https:\/\/cipam.com\/en\/#\/schema\/logo\/image\/\"},\"sameAs\":[\"https:\/\/www.linkedin.com\/company\/cipamid\/\"]},{\"@type\":\"Person\",\"@id\":\"https:\/\/cipam.com\/en\/#\/schema\/person\/f82c966251f38af7bf6868ac59591f65\",\"name\":\"Maxime\",\"image\":{\"@type\":\"ImageObject\",\"inLanguage\":\"en-US\",\"@id\":\"https:\/\/cipam.com\/en\/#\/schema\/person\/image\/\",\"url\":\"https:\/\/secure.gravatar.com\/avatar\/40d792570790f3d0a35cbf710efa7b82a6cb498d1dc69c641a21538fdc8ffc39?s=96&d=mm&r=g\",\"contentUrl\":\"https:\/\/secure.gravatar.com\/avatar\/40d792570790f3d0a35cbf710efa7b82a6cb498d1dc69c641a21538fdc8ffc39?s=96&d=mm&r=g\",\"caption\":\"Maxime\"}}]}<\/script>\n<!-- \/ Yoast SEO Premium plugin. -->","yoast_head_json":{"title":"Terms and conditions of use - CIPAM","robots":{"index":"index","follow":"follow","max-snippet":"max-snippet:-1","max-image-preview":"max-image-preview:large","max-video-preview":"max-video-preview:-1"},"canonical":"https:\/\/cipam.com\/en\/terms-and-conditions-of-use\/","og_locale":"en_US","og_type":"article","og_title":"Terms and conditions of use","og_url":"https:\/\/cipam.com\/en\/terms-and-conditions-of-use\/","og_site_name":"CIPAM","article_modified_time":"2024-02-16T10:15:42+00:00","twitter_card":"summary_large_image","schema":{"@context":"https:\/\/schema.org","@graph":[{"@type":"TechArticle","@id":"https:\/\/cipam.com\/en\/terms-and-conditions-of-use\/#article","isPartOf":{"@id":"https:\/\/cipam.com\/en\/terms-and-conditions-of-use\/"},"author":{"name":"Maxime","@id":"https:\/\/cipam.com\/en\/#\/schema\/person\/f82c966251f38af7bf6868ac59591f65"},"headline":"Terms and conditions of use","datePublished":"2023-10-02T08:56:45+00:00","dateModified":"2024-02-16T10:15:42+00:00","mainEntityOfPage":{"@id":"https:\/\/cipam.com\/en\/terms-and-conditions-of-use\/"},"wordCount":5,"publisher":{"@id":"https:\/\/cipam.com\/en\/#organization"},"inLanguage":"en-US"},{"@type":"WebPage","@id":"https:\/\/cipam.com\/en\/terms-and-conditions-of-use\/","url":"https:\/\/cipam.com\/en\/terms-and-conditions-of-use\/","name":"Terms and conditions of use - CIPAM","isPartOf":{"@id":"https:\/\/cipam.com\/en\/#website"},"datePublished":"2023-10-02T08:56:45+00:00","dateModified":"2024-02-16T10:15:42+00:00","breadcrumb":{"@id":"https:\/\/cipam.com\/en\/terms-and-conditions-of-use\/#breadcrumb"},"inLanguage":"en-US","potentialAction":[{"@type":"ReadAction","target":["https:\/\/cipam.com\/en\/terms-and-conditions-of-use\/"]}]},{"@type":"BreadcrumbList","@id":"https:\/\/cipam.com\/en\/terms-and-conditions-of-use\/#breadcrumb","itemListElement":[{"@type":"ListItem","position":1,"name":"Home","item":"https:\/\/cipam.com\/en\/"},{"@type":"ListItem","position":2,"name":"Terms and conditions of use"}]},{"@type":"WebSite","@id":"https:\/\/cipam.com\/en\/#website","url":"https:\/\/cipam.com\/en\/","name":"CIPAM","description":"Smart traceability and connected solutions","publisher":{"@id":"https:\/\/cipam.com\/en\/#organization"},"alternateName":"Solutions de tra\u00e7abilit\u00e9 intelligentes et connect\u00e9es","potentialAction":[{"@type":"SearchAction","target":{"@type":"EntryPoint","urlTemplate":"https:\/\/cipam.com\/en\/?s={search_term_string}"},"query-input":{"@type":"PropertyValueSpecification","valueRequired":true,"valueName":"search_term_string"}}],"inLanguage":"en-US"},{"@type":"Organization","@id":"https:\/\/cipam.com\/en\/#organization","name":"CIPAM","url":"https:\/\/cipam.com\/en\/","logo":{"@type":"ImageObject","inLanguage":"en-US","@id":"https:\/\/cipam.com\/en\/#\/schema\/logo\/image\/","url":"https:\/\/cipam.com\/wp-content\/uploads\/2025\/05\/logo_CIPAM_black_font_NO_bg_No_BL.svg","contentUrl":"https:\/\/cipam.com\/wp-content\/uploads\/2025\/05\/logo_CIPAM_black_font_NO_bg_No_BL.svg","width":1,"height":1,"caption":"CIPAM"},"image":{"@id":"https:\/\/cipam.com\/en\/#\/schema\/logo\/image\/"},"sameAs":["https:\/\/www.linkedin.com\/company\/cipamid\/"]},{"@type":"Person","@id":"https:\/\/cipam.com\/en\/#\/schema\/person\/f82c966251f38af7bf6868ac59591f65","name":"Maxime","image":{"@type":"ImageObject","inLanguage":"en-US","@id":"https:\/\/cipam.com\/en\/#\/schema\/person\/image\/","url":"https:\/\/secure.gravatar.com\/avatar\/40d792570790f3d0a35cbf710efa7b82a6cb498d1dc69c641a21538fdc8ffc39?s=96&d=mm&r=g","contentUrl":"https:\/\/secure.gravatar.com\/avatar\/40d792570790f3d0a35cbf710efa7b82a6cb498d1dc69c641a21538fdc8ffc39?s=96&d=mm&r=g","caption":"Maxime"}}]}},"_links":{"self":[{"href":"https:\/\/cipam.com\/en\/wp-json\/wp\/v2\/pages\/7231","targetHints":{"allow":["GET"]}}],"collection":[{"href":"https:\/\/cipam.com\/en\/wp-json\/wp\/v2\/pages"}],"about":[{"href":"https:\/\/cipam.com\/en\/wp-json\/wp\/v2\/types\/page"}],"author":[{"embeddable":true,"href":"https:\/\/cipam.com\/en\/wp-json\/wp\/v2\/users\/14"}],"replies":[{"embeddable":true,"href":"https:\/\/cipam.com\/en\/wp-json\/wp\/v2\/comments?post=7231"}],"version-history":[{"count":0,"href":"https:\/\/cipam.com\/en\/wp-json\/wp\/v2\/pages\/7231\/revisions"}],"wp:attachment":[{"href":"https:\/\/cipam.com\/en\/wp-json\/wp\/v2\/media?parent=7231"}],"curies":[{"name":"wp","href":"https:\/\/api.w.org\/{rel}","templated":true}]}}