{"id":7494,"date":"2024-01-22T14:52:15","date_gmt":"2024-01-22T13:52:15","guid":{"rendered":"https:\/\/www.cipam.com\/institutional-partners\/"},"modified":"2025-10-24T17:38:09","modified_gmt":"2025-10-24T15:38:09","slug":"institutional-partners","status":"publish","type":"page","link":"https:\/\/cipam.com\/en\/institutional-partners\/","title":{"rendered":"Institutional Partners"},"content":{"rendered":"<div class=\"wpb-content-wrapper\"><p>[vc_row][vc_column width=&#8221;1\/1&#8243;][\/vc_column][\/vc_row][vc_row][vc_column width=&#8221;1\/2&#8243;][vc_row_inner][vc_column_inner column_width_percent=&#8221;100&#8243; gutter_size=&#8221;0&#8243; overlay_alpha=&#8221;50&#8243; shift_x=&#8221;0&#8243; shift_y=&#8221;0&#8243; shift_y_down=&#8221;0&#8243; z_index=&#8221;0&#8243; medium_width=&#8221;0&#8243; mobile_width=&#8221;0&#8243; width=&#8221;1\/1&#8243; uncode_shortcode_id=&#8221;805446&#8243;][vc_column_text uncode_shortcode_id=&#8221;186060&#8243;]<\/p>\n<h2>Our partners<\/h2>\n<p>[\/vc_column_text][vc_column_text uncode_shortcode_id=&#8221;202117&#8243;]We would like to thank all our partners, customers and suppliers for the trust they have placed in us. We would also like to express our thanks and confidence to CIPAM&#8217;s employees, without whom nothing would be possible.[\/vc_column_text][\/vc_column_inner][\/vc_row_inner][\/vc_column][vc_column width=&#8221;5\/12&#8243;][vc_single_image media=&#8221;7500&#8243; media_width_percent=&#8221;100&#8243; media_ratio=&#8221;one-one&#8221; shape=&#8221;img-round&#8221; radius=&#8221;hg&#8221; uncode_shortcode_id=&#8221;143196&#8243;][\/vc_column][\/vc_row][vc_row][vc_column width=&#8221;1\/2&#8243;][vc_single_image media=&#8221;159935&#8243; media_width_percent=&#8221;40&#8243; alignment=&#8221;center&#8221; uncode_shortcode_id=&#8221;151609&#8243;][\/vc_column][vc_column width=&#8221;1\/2&#8243;][vc_row_inner][vc_column_inner column_width_percent=&#8221;100&#8243; gutter_size=&#8221;0&#8243; overlay_alpha=&#8221;50&#8243; shift_x=&#8221;0&#8243; shift_y=&#8221;0&#8243; shift_y_down=&#8221;0&#8243; z_index=&#8221;0&#8243; medium_width=&#8221;0&#8243; mobile_width=&#8221;0&#8243; width=&#8221;1\/1&#8243; uncode_shortcode_id=&#8221;805446&#8243;][vc_column_text uncode_shortcode_id=&#8221;194011&#8243;]<\/p>\n<h2>Auvergne-Rh\u00f4ne-Alpes Region<\/h2>\n<p>[\/vc_column_text][vc_column_text uncode_shortcode_id=&#8221;784612&#8243;]The Auvergne-Rh\u00f4ne-Alpes Region is supporting CIPAM in its strategy of growth, innovation and industrialization. This support strengthens our ability to design and deploy ever more effective traceability solutions, at the service of Industry 4.0. It testifies to the confidence placed in our expertise and our commitment to the digital transformation of the region&#8217;s industrial players.[\/vc_column_text][\/vc_column_inner][\/vc_row_inner][\/vc_column][\/vc_row][vc_row][vc_column width=&#8221;1\/2&#8243;][vc_single_image media=&#8221;8548&#8243; media_width_percent=&#8221;40&#8243; alignment=&#8221;center&#8221; uncode_shortcode_id=&#8221;226139&#8243;][\/vc_column][vc_column width=&#8221;1\/2&#8243;][vc_row_inner][vc_column_inner column_width_percent=&#8221;100&#8243; gutter_size=&#8221;0&#8243; overlay_alpha=&#8221;50&#8243; shift_x=&#8221;0&#8243; shift_y=&#8221;0&#8243; shift_y_down=&#8221;0&#8243; z_index=&#8221;0&#8243; medium_width=&#8221;0&#8243; mobile_width=&#8221;0&#8243; width=&#8221;1\/1&#8243; uncode_shortcode_id=&#8221;805446&#8243;][vc_column_text uncode_shortcode_id=&#8221;232943&#8243;]<\/p>\n<h2>RAIN RFID<\/h2>\n<p>[\/vc_column_text][vc_column_text uncode_shortcode_id=&#8221;794545&#8243;]RAIN (UHF RFID) is a wireless technology that connects trillions of everyday items to the Internet, enabling businesses and consumers to identify, locate, authenticate and engage each item.<\/p>\n<div>The RAIN Alliance is a global alliance that promotes the universal adoption of RAIN technology in a manner similar to other wireless technology organizations, including the NFC Forum, the WiFi Alliance and the Bluetooth SIG. RAIN uses the GS1 UHF Gen2 protocol standardized by ISO\/IEC in 18000-63. <\/div>\n<div>The acronym RAIN stands for RAdio IdentificatioN, and is designed to link UHF RFID to the cloud, where RFID-based data can be stored, managed and shared via the Internet.<\/div>\n<div>\n<p>[\/vc_column_text][\/vc_column_inner][\/vc_row_inner][\/vc_column][\/vc_row][vc_row][vc_column width=&#8221;1\/2&#8243;][vc_single_image media=&#8221;7727&#8243; media_width_percent=&#8221;40&#8243; alignment=&#8221;center&#8221; uncode_shortcode_id=&#8221;214323&#8243;][\/vc_column][vc_column width=&#8221;1\/2&#8243;][vc_row_inner][vc_column_inner column_width_percent=&#8221;100&#8243; gutter_size=&#8221;0&#8243; overlay_alpha=&#8221;50&#8243; shift_x=&#8221;0&#8243; shift_y=&#8221;0&#8243; shift_y_down=&#8221;0&#8243; z_index=&#8221;0&#8243; medium_width=&#8221;0&#8243; mobile_width=&#8221;0&#8243; width=&#8221;1\/1&#8243; uncode_shortcode_id=&#8221;805446&#8243;][vc_column_text uncode_shortcode_id=&#8221;963222&#8243;]<\/p>\n<h2><strong>Afnor Group<\/strong><\/h2>\n<div><\/div>\n<p>[\/vc_column_text][vc_column_text uncode_shortcode_id=&#8221;113390&#8243;]The Auvergne Region is supporting CIPAM&#8217;s development project under the \u201cFonds d&#8217;Investissement Auvergne Durable\u201d program.<\/p>\n<\/div>\n<div>With its extensive experience, CIPAM is recognized as one of the leading integrators and specifiers for major manufacturers of identification equipment.<\/div>\n<div>\n<p>CIPAM tests and validates the most innovative, high-performance equipment on the market, in order to meet our customers&#8217; various requirements. Thanks to privileged relationships with its suppliers, CIPAM guarantees product quality and upgrades.[\/vc_column_text][\/vc_column_inner][\/vc_row_inner][\/vc_column][\/vc_row][vc_row][vc_column width=&#8221;1\/2&#8243;][vc_single_image media=&#8221;7725&#8243; media_width_percent=&#8221;40&#8243; alignment=&#8221;center&#8221; uncode_shortcode_id=&#8221;207253&#8243;][\/vc_column][vc_column width=&#8221;1\/2&#8243;][vc_row_inner][vc_column_inner column_width_percent=&#8221;100&#8243; gutter_size=&#8221;0&#8243; overlay_alpha=&#8221;50&#8243; shift_x=&#8221;0&#8243; shift_y=&#8221;0&#8243; shift_y_down=&#8221;0&#8243; z_index=&#8221;0&#8243; medium_width=&#8221;0&#8243; mobile_width=&#8221;0&#8243; width=&#8221;1\/1&#8243; uncode_shortcode_id=&#8221;805446&#8243;][vc_column_text uncode_shortcode_id=&#8221;291488&#8243;]<\/p>\n<h2><strong>Aerospace Cluster<\/strong><\/h2>\n<div><\/div>\n<p>[\/vc_column_text][vc_column_text uncode_shortcode_id=&#8221;212886&#8243;]Aerospace Cluster Auvergne-Rh\u00f4ne-Alpes brings together all the players (companies, laboratories, training centres) specialising in the design, production and sale of technologies, products and services for the aerospace and defence market in the Auvergne-Rh\u00f4ne-Alpes region.[\/vc_column_text][\/vc_column_inner][\/vc_row_inner][\/vc_column][\/vc_row][vc_row][vc_column width=&#8221;1\/2&#8243;][vc_single_image media=&#8221;7733&#8243; media_width_percent=&#8221;40&#8243; alignment=&#8221;center&#8221; uncode_shortcode_id=&#8221;946838&#8243;][\/vc_column][vc_column width=&#8221;1\/2&#8243;][vc_row_inner][vc_column_inner column_width_percent=&#8221;100&#8243; gutter_size=&#8221;0&#8243; overlay_alpha=&#8221;50&#8243; shift_x=&#8221;0&#8243; shift_y=&#8221;0&#8243; shift_y_down=&#8221;0&#8243; z_index=&#8221;0&#8243; medium_width=&#8221;0&#8243; mobile_width=&#8221;0&#8243; width=&#8221;1\/1&#8243; uncode_shortcode_id=&#8221;805446&#8243;][vc_column_text uncode_shortcode_id=&#8221;971925&#8243;]<\/p>\n<h2><strong>Connectwave<\/strong><\/h2>\n<div><\/div>\n<p>[\/vc_column_text][vc_column_text uncode_shortcode_id=&#8221;207441&#8243;]Connectwave\u00ae is a platform for experimentation and use, dedicated to the understanding of Connected Objects and contactless technologies (RFID, NFC&#8230;). A real industrial technology showcase, Connectwave\u00ae is designed to be a meeting place for exchanging ideas, developing ideas and turning projects into reality by demonstrating solutions in real-life situations.[\/vc_column_text][\/vc_column_inner][\/vc_row_inner][\/vc_column][\/vc_row][vc_row][vc_column width=&#8221;1\/2&#8243;][vc_single_image media=&#8221;7735&#8243; media_width_percent=&#8221;40&#8243; alignment=&#8221;center&#8221; uncode_shortcode_id=&#8221;222811&#8243;][\/vc_column][vc_column width=&#8221;1\/2&#8243;][vc_row_inner][vc_column_inner column_width_percent=&#8221;100&#8243; gutter_size=&#8221;0&#8243; overlay_alpha=&#8221;50&#8243; shift_x=&#8221;0&#8243; shift_y=&#8221;0&#8243; shift_y_down=&#8221;0&#8243; z_index=&#8221;0&#8243; medium_width=&#8221;0&#8243; mobile_width=&#8221;0&#8243; width=&#8221;1\/1&#8243; uncode_shortcode_id=&#8221;805446&#8243;][vc_column_text uncode_shortcode_id=&#8221;202661&#8243;]<\/p>\n<h2><strong>DCF<\/strong><\/h2>\n<div><\/div>\n<p>[\/vc_column_text][vc_column_text uncode_shortcode_id=&#8221;207317&#8243;]<\/p>\n<\/div>\n<div>Dirigeants Commerciaux de France is a network of sales managers and heads of SME\/SMIs who organise a wide range of regional and national events to meet two key objectives: to develop a sales culture in France and to promote sales-related jobs in France.<\/div>\n<div>\n<p>[\/vc_column_text][\/vc_column_inner][\/vc_row_inner][\/vc_column][\/vc_row][vc_row][vc_column width=&#8221;1\/2&#8243;][vc_single_image media=&#8221;7731&#8243; media_width_percent=&#8221;40&#8243; alignment=&#8221;center&#8221; uncode_shortcode_id=&#8221;877967&#8243;][\/vc_column][vc_column width=&#8221;1\/2&#8243;][vc_row_inner][vc_column_inner column_width_percent=&#8221;100&#8243; gutter_size=&#8221;0&#8243; overlay_alpha=&#8221;50&#8243; shift_x=&#8221;0&#8243; shift_y=&#8221;0&#8243; shift_y_down=&#8221;0&#8243; z_index=&#8221;0&#8243; medium_width=&#8221;0&#8243; mobile_width=&#8221;0&#8243; width=&#8221;1\/1&#8243; uncode_shortcode_id=&#8221;805446&#8243;][vc_column_text uncode_shortcode_id=&#8221;603187&#8243;]<\/p>\n<h2><strong>CAP\u2019TRONIC<\/strong><\/h2>\n<div><\/div>\n<p>[\/vc_column_text][vc_column_text uncode_shortcode_id=&#8221;596056&#8243;]<\/p>\n<\/div>\n<div>The JESSICA FRANCE Association, founded by the CEA and Bpifrance, has more than 1,000 SME members.<\/div>\n<div>With the support of the French Ministry of the Economy, Finance and Industry, it runs the CAP&#8217;TRONIC programme, which aims to help French SMEs in all sectors to improve their competitiveness by integrating electronic solutions and embedded software into their products.<\/div>\n<div>\n<p>[\/vc_column_text][\/vc_column_inner][\/vc_row_inner][\/vc_column][\/vc_row][vc_row][vc_column width=&#8221;1\/2&#8243;][vc_single_image media=&#8221;7737&#8243; media_width_percent=&#8221;40&#8243; alignment=&#8221;center&#8221; uncode_shortcode_id=&#8221;105906&#8243;][\/vc_column][vc_column width=&#8221;1\/2&#8243;][vc_row_inner][vc_column_inner column_width_percent=&#8221;100&#8243; gutter_size=&#8221;0&#8243; overlay_alpha=&#8221;50&#8243; shift_x=&#8221;0&#8243; shift_y=&#8221;0&#8243; shift_y_down=&#8221;0&#8243; z_index=&#8221;0&#8243; medium_width=&#8221;0&#8243; mobile_width=&#8221;0&#8243; width=&#8221;1\/1&#8243; uncode_shortcode_id=&#8221;805446&#8243;][vc_column_text uncode_shortcode_id=&#8221;857335&#8243;]<\/p>\n<h2><strong>French Fab<\/strong><\/h2>\n<div><\/div>\n<p>[\/vc_column_text][vc_column_text uncode_shortcode_id=&#8221;633513&#8243;]<\/p>\n<\/div>\n<div>French Fab is the flagship of French industry on the move. It&#8217;s the rallying cry of a collective: the jersey of the French Industry team.<\/div>\n<div>\n<p>[\/vc_column_text][\/vc_column_inner][\/vc_row_inner][\/vc_column][\/vc_row][vc_row][vc_column width=&#8221;1\/2&#8243;][vc_single_image media=&#8221;7739&#8243; media_width_percent=&#8221;40&#8243; alignment=&#8221;center&#8221; uncode_shortcode_id=&#8221;212771&#8243;][\/vc_column][vc_column width=&#8221;1\/2&#8243;][vc_row_inner][vc_column_inner column_width_percent=&#8221;100&#8243; gutter_size=&#8221;0&#8243; overlay_alpha=&#8221;50&#8243; shift_x=&#8221;0&#8243; shift_y=&#8221;0&#8243; shift_y_down=&#8221;0&#8243; z_index=&#8221;0&#8243; medium_width=&#8221;0&#8243; mobile_width=&#8221;0&#8243; width=&#8221;1\/1&#8243; uncode_shortcode_id=&#8221;805446&#8243;][vc_column_text uncode_shortcode_id=&#8221;196265&#8243;]<\/p>\n<h2><strong>MyRFIDSolution<\/strong><\/h2>\n<div><\/div>\n<p>[\/vc_column_text][vc_column_text uncode_shortcode_id=&#8221;966879&#8243;]<\/p>\n<\/div>\n<div>MyRFIDSolution is a cluster of companies based on the principle of pooling knowledge and skills to offer customers complete industrial traceability solutions for their projects.<\/div>\n<div>\n<p>[\/vc_column_text][\/vc_column_inner][\/vc_row_inner][\/vc_column][\/vc_row][vc_row][vc_column width=&#8221;1\/2&#8243;][vc_single_image media=&#8221;7723&#8243; media_width_percent=&#8221;40&#8243; alignment=&#8221;center&#8221; uncode_shortcode_id=&#8221;207375&#8243;][\/vc_column][vc_column width=&#8221;1\/2&#8243;][vc_row_inner][vc_column_inner column_width_percent=&#8221;100&#8243; gutter_size=&#8221;0&#8243; overlay_alpha=&#8221;50&#8243; shift_x=&#8221;0&#8243; shift_y=&#8221;0&#8243; shift_y_down=&#8221;0&#8243; z_index=&#8221;0&#8243; medium_width=&#8221;0&#8243; mobile_width=&#8221;0&#8243; width=&#8221;1\/1&#8243; uncode_shortcode_id=&#8221;805446&#8243;][vc_column_text uncode_shortcode_id=&#8221;160189&#8243;]<\/p>\n<h2><strong>ACTEMIUM<\/strong><\/h2>\n<div><\/div>\n<p>[\/vc_column_text][vc_column_text uncode_shortcode_id=&#8221;432120&#8243;]<\/p>\n<\/div>\n<div>Actemium&#8217;s vocation is to improve its customers&#8217; competitive advantage and industrial performance.<\/div>\n<div>ACTEMIUM brings together 300 companies entirely dedicated to industrial processes. Operating as a network, they are located around the world, close to their customers. <\/div>\n<div>\n<p>[\/vc_column_text][\/vc_column_inner][\/vc_row_inner][\/vc_column][\/vc_row][vc_row][vc_column width=&#8221;1\/2&#8243;][vc_single_image media=&#8221;7729&#8243; media_width_percent=&#8221;40&#8243; alignment=&#8221;center&#8221; uncode_shortcode_id=&#8221;214156&#8243;][\/vc_column][vc_column width=&#8221;1\/2&#8243;][vc_row_inner][vc_column_inner column_width_percent=&#8221;100&#8243; gutter_size=&#8221;0&#8243; overlay_alpha=&#8221;50&#8243; shift_x=&#8221;0&#8243; shift_y=&#8221;0&#8243; shift_y_down=&#8221;0&#8243; z_index=&#8221;0&#8243; medium_width=&#8221;0&#8243; mobile_width=&#8221;0&#8243; width=&#8221;1\/1&#8243; uncode_shortcode_id=&#8221;805446&#8243;][vc_column_text uncode_shortcode_id=&#8221;157011&#8243;]<\/p>\n<h2><strong>A-SIS<\/strong><\/h2>\n<div><\/div>\n<p>[\/vc_column_text][vc_column_text uncode_shortcode_id=&#8221;161684&#8243;]<\/p>\n<\/div>\n<div>A-SIS publishes LOGISTICS MANAGER SUITE, an APS, OMS, WMS, WCS and TMS solution offering extensive functional coverage and specialising in retail logistics and the management of mechanised systems.<\/div>\n<div>\n<p>[\/vc_column_text][\/vc_column_inner][\/vc_row_inner][\/vc_column][\/vc_row][vc_row][vc_column width=&#8221;1\/1&#8243;][\/vc_column][\/vc_row]<\/p>\n<\/div>\n<\/div>","protected":false},"excerpt":{"rendered":"<p>[vc_row][vc_column width=&#8221;1\/1&#8243;][\/vc_column][\/vc_row][vc_row][vc_column width=&#8221;1\/2&#8243;][vc_row_inner][vc_column_inner column_width_percent=&#8221;100&#8243; gutter_size=&#8221;0&#8243; overlay_alpha=&#8221;50&#8243; shift_x=&#8221;0&#8243; shift_y=&#8221;0&#8243; shift_y_down=&#8221;0&#8243; z_index=&#8221;0&#8243; medium_width=&#8221;0&#8243; mobile_width=&#8221;0&#8243; width=&#8221;1\/1&#8243; uncode_shortcode_id=&#8221;805446&#8243;][vc_column_text uncode_shortcode_id=&#8221;186060&#8243;] Our partners [\/vc_column_text][vc_column_text uncode_shortcode_id=&#8221;202117&#8243;]We would [&hellip;]<\/p>\n","protected":false},"author":14,"featured_media":0,"parent":0,"menu_order":0,"comment_status":"closed","ping_status":"closed","template":"","meta":{"_acf_changed":false,"content-type":"","footnotes":""},"class_list":["post-7494","page","type-page","status-publish","hentry"],"acf":[],"yoast_head":"<!-- This site is optimized with the Yoast SEO Premium plugin v27.1 (Yoast SEO v27.1.1) - https:\/\/yoast.com\/product\/yoast-seo-premium-wordpress\/ -->\n<title>Institutional Partners - CIPAM<\/title>\n<meta name=\"robots\" content=\"index, follow, max-snippet:-1, max-image-preview:large, max-video-preview:-1\" \/>\n<link rel=\"canonical\" href=\"https:\/\/cipam.com\/en\/institutional-partners\/\" \/>\n<meta property=\"og:locale\" content=\"en_US\" \/>\n<meta property=\"og:type\" content=\"article\" \/>\n<meta property=\"og:title\" content=\"Institutional Partners\" \/>\n<meta property=\"og:description\" content=\"[vc_row][vc_column width=&#8221;1\/1&#8243;][\/vc_column][\/vc_row][vc_row][vc_column width=&#8221;1\/2&#8243;][vc_row_inner][vc_column_inner column_width_percent=&#8221;100&#8243; gutter_size=&#8221;0&#8243; overlay_alpha=&#8221;50&#8243; shift_x=&#8221;0&#8243; shift_y=&#8221;0&#8243; shift_y_down=&#8221;0&#8243; z_index=&#8221;0&#8243; medium_width=&#8221;0&#8243; mobile_width=&#8221;0&#8243; width=&#8221;1\/1&#8243; uncode_shortcode_id=&#8221;805446&#8243;][vc_column_text uncode_shortcode_id=&#8221;186060&#8243;] Our partners [\/vc_column_text][vc_column_text uncode_shortcode_id=&#8221;202117&#8243;]We would [&hellip;]\" \/>\n<meta property=\"og:url\" content=\"https:\/\/cipam.com\/en\/institutional-partners\/\" \/>\n<meta property=\"og:site_name\" content=\"CIPAM\" \/>\n<meta property=\"article:modified_time\" content=\"2025-10-24T15:38:09+00:00\" \/>\n<meta name=\"twitter:card\" content=\"summary_large_image\" \/>\n<meta name=\"twitter:label1\" content=\"Est. reading time\" \/>\n\t<meta name=\"twitter:data1\" content=\"8 minutes\" \/>\n<script type=\"application\/ld+json\" class=\"yoast-schema-graph\">{\"@context\":\"https:\/\/schema.org\",\"@graph\":[{\"@type\":\"TechArticle\",\"@id\":\"https:\/\/cipam.com\/en\/institutional-partners\/#article\",\"isPartOf\":{\"@id\":\"https:\/\/cipam.com\/en\/institutional-partners\/\"},\"author\":{\"name\":\"Maxime\",\"@id\":\"https:\/\/cipam.com\/en\/#\/schema\/person\/f82c966251f38af7bf6868ac59591f65\"},\"headline\":\"Institutional Partners\",\"datePublished\":\"2024-01-22T13:52:15+00:00\",\"dateModified\":\"2025-10-24T15:38:09+00:00\",\"mainEntityOfPage\":{\"@id\":\"https:\/\/cipam.com\/en\/institutional-partners\/\"},\"wordCount\":1577,\"publisher\":{\"@id\":\"https:\/\/cipam.com\/en\/#organization\"},\"inLanguage\":\"en-US\"},{\"@type\":\"WebPage\",\"@id\":\"https:\/\/cipam.com\/en\/institutional-partners\/\",\"url\":\"https:\/\/cipam.com\/en\/institutional-partners\/\",\"name\":\"Institutional Partners - CIPAM\",\"isPartOf\":{\"@id\":\"https:\/\/cipam.com\/en\/#website\"},\"datePublished\":\"2024-01-22T13:52:15+00:00\",\"dateModified\":\"2025-10-24T15:38:09+00:00\",\"breadcrumb\":{\"@id\":\"https:\/\/cipam.com\/en\/institutional-partners\/#breadcrumb\"},\"inLanguage\":\"en-US\",\"potentialAction\":[{\"@type\":\"ReadAction\",\"target\":[\"https:\/\/cipam.com\/en\/institutional-partners\/\"]}]},{\"@type\":\"BreadcrumbList\",\"@id\":\"https:\/\/cipam.com\/en\/institutional-partners\/#breadcrumb\",\"itemListElement\":[{\"@type\":\"ListItem\",\"position\":1,\"name\":\"Home\",\"item\":\"https:\/\/cipam.com\/en\/\"},{\"@type\":\"ListItem\",\"position\":2,\"name\":\"Institutional Partners\"}]},{\"@type\":\"WebSite\",\"@id\":\"https:\/\/cipam.com\/en\/#website\",\"url\":\"https:\/\/cipam.com\/en\/\",\"name\":\"CIPAM\",\"description\":\"Smart traceability and connected solutions\",\"publisher\":{\"@id\":\"https:\/\/cipam.com\/en\/#organization\"},\"alternateName\":\"Solutions de tra\u00e7abilit\u00e9 intelligentes et connect\u00e9es\",\"potentialAction\":[{\"@type\":\"SearchAction\",\"target\":{\"@type\":\"EntryPoint\",\"urlTemplate\":\"https:\/\/cipam.com\/en\/?s={search_term_string}\"},\"query-input\":{\"@type\":\"PropertyValueSpecification\",\"valueRequired\":true,\"valueName\":\"search_term_string\"}}],\"inLanguage\":\"en-US\"},{\"@type\":\"Organization\",\"@id\":\"https:\/\/cipam.com\/en\/#organization\",\"name\":\"CIPAM\",\"url\":\"https:\/\/cipam.com\/en\/\",\"logo\":{\"@type\":\"ImageObject\",\"inLanguage\":\"en-US\",\"@id\":\"https:\/\/cipam.com\/en\/#\/schema\/logo\/image\/\",\"url\":\"https:\/\/cipam.com\/wp-content\/uploads\/2025\/05\/logo_CIPAM_black_font_NO_bg_No_BL.svg\",\"contentUrl\":\"https:\/\/cipam.com\/wp-content\/uploads\/2025\/05\/logo_CIPAM_black_font_NO_bg_No_BL.svg\",\"width\":1,\"height\":1,\"caption\":\"CIPAM\"},\"image\":{\"@id\":\"https:\/\/cipam.com\/en\/#\/schema\/logo\/image\/\"},\"sameAs\":[\"https:\/\/www.linkedin.com\/company\/cipamid\/\"]},{\"@type\":\"Person\",\"@id\":\"https:\/\/cipam.com\/en\/#\/schema\/person\/f82c966251f38af7bf6868ac59591f65\",\"name\":\"Maxime\",\"image\":{\"@type\":\"ImageObject\",\"inLanguage\":\"en-US\",\"@id\":\"https:\/\/cipam.com\/en\/#\/schema\/person\/image\/\",\"url\":\"https:\/\/secure.gravatar.com\/avatar\/40d792570790f3d0a35cbf710efa7b82a6cb498d1dc69c641a21538fdc8ffc39?s=96&d=mm&r=g\",\"contentUrl\":\"https:\/\/secure.gravatar.com\/avatar\/40d792570790f3d0a35cbf710efa7b82a6cb498d1dc69c641a21538fdc8ffc39?s=96&d=mm&r=g\",\"caption\":\"Maxime\"}}]}<\/script>\n<!-- \/ Yoast SEO Premium plugin. -->","yoast_head_json":{"title":"Institutional Partners - CIPAM","robots":{"index":"index","follow":"follow","max-snippet":"max-snippet:-1","max-image-preview":"max-image-preview:large","max-video-preview":"max-video-preview:-1"},"canonical":"https:\/\/cipam.com\/en\/institutional-partners\/","og_locale":"en_US","og_type":"article","og_title":"Institutional Partners","og_description":"[vc_row][vc_column width=&#8221;1\/1&#8243;][\/vc_column][\/vc_row][vc_row][vc_column width=&#8221;1\/2&#8243;][vc_row_inner][vc_column_inner column_width_percent=&#8221;100&#8243; gutter_size=&#8221;0&#8243; overlay_alpha=&#8221;50&#8243; shift_x=&#8221;0&#8243; shift_y=&#8221;0&#8243; shift_y_down=&#8221;0&#8243; z_index=&#8221;0&#8243; medium_width=&#8221;0&#8243; mobile_width=&#8221;0&#8243; width=&#8221;1\/1&#8243; uncode_shortcode_id=&#8221;805446&#8243;][vc_column_text uncode_shortcode_id=&#8221;186060&#8243;] Our partners [\/vc_column_text][vc_column_text uncode_shortcode_id=&#8221;202117&#8243;]We would [&hellip;]","og_url":"https:\/\/cipam.com\/en\/institutional-partners\/","og_site_name":"CIPAM","article_modified_time":"2025-10-24T15:38:09+00:00","twitter_card":"summary_large_image","twitter_misc":{"Est. reading time":"8 minutes"},"schema":{"@context":"https:\/\/schema.org","@graph":[{"@type":"TechArticle","@id":"https:\/\/cipam.com\/en\/institutional-partners\/#article","isPartOf":{"@id":"https:\/\/cipam.com\/en\/institutional-partners\/"},"author":{"name":"Maxime","@id":"https:\/\/cipam.com\/en\/#\/schema\/person\/f82c966251f38af7bf6868ac59591f65"},"headline":"Institutional Partners","datePublished":"2024-01-22T13:52:15+00:00","dateModified":"2025-10-24T15:38:09+00:00","mainEntityOfPage":{"@id":"https:\/\/cipam.com\/en\/institutional-partners\/"},"wordCount":1577,"publisher":{"@id":"https:\/\/cipam.com\/en\/#organization"},"inLanguage":"en-US"},{"@type":"WebPage","@id":"https:\/\/cipam.com\/en\/institutional-partners\/","url":"https:\/\/cipam.com\/en\/institutional-partners\/","name":"Institutional Partners - CIPAM","isPartOf":{"@id":"https:\/\/cipam.com\/en\/#website"},"datePublished":"2024-01-22T13:52:15+00:00","dateModified":"2025-10-24T15:38:09+00:00","breadcrumb":{"@id":"https:\/\/cipam.com\/en\/institutional-partners\/#breadcrumb"},"inLanguage":"en-US","potentialAction":[{"@type":"ReadAction","target":["https:\/\/cipam.com\/en\/institutional-partners\/"]}]},{"@type":"BreadcrumbList","@id":"https:\/\/cipam.com\/en\/institutional-partners\/#breadcrumb","itemListElement":[{"@type":"ListItem","position":1,"name":"Home","item":"https:\/\/cipam.com\/en\/"},{"@type":"ListItem","position":2,"name":"Institutional Partners"}]},{"@type":"WebSite","@id":"https:\/\/cipam.com\/en\/#website","url":"https:\/\/cipam.com\/en\/","name":"CIPAM","description":"Smart traceability and connected solutions","publisher":{"@id":"https:\/\/cipam.com\/en\/#organization"},"alternateName":"Solutions de tra\u00e7abilit\u00e9 intelligentes et connect\u00e9es","potentialAction":[{"@type":"SearchAction","target":{"@type":"EntryPoint","urlTemplate":"https:\/\/cipam.com\/en\/?s={search_term_string}"},"query-input":{"@type":"PropertyValueSpecification","valueRequired":true,"valueName":"search_term_string"}}],"inLanguage":"en-US"},{"@type":"Organization","@id":"https:\/\/cipam.com\/en\/#organization","name":"CIPAM","url":"https:\/\/cipam.com\/en\/","logo":{"@type":"ImageObject","inLanguage":"en-US","@id":"https:\/\/cipam.com\/en\/#\/schema\/logo\/image\/","url":"https:\/\/cipam.com\/wp-content\/uploads\/2025\/05\/logo_CIPAM_black_font_NO_bg_No_BL.svg","contentUrl":"https:\/\/cipam.com\/wp-content\/uploads\/2025\/05\/logo_CIPAM_black_font_NO_bg_No_BL.svg","width":1,"height":1,"caption":"CIPAM"},"image":{"@id":"https:\/\/cipam.com\/en\/#\/schema\/logo\/image\/"},"sameAs":["https:\/\/www.linkedin.com\/company\/cipamid\/"]},{"@type":"Person","@id":"https:\/\/cipam.com\/en\/#\/schema\/person\/f82c966251f38af7bf6868ac59591f65","name":"Maxime","image":{"@type":"ImageObject","inLanguage":"en-US","@id":"https:\/\/cipam.com\/en\/#\/schema\/person\/image\/","url":"https:\/\/secure.gravatar.com\/avatar\/40d792570790f3d0a35cbf710efa7b82a6cb498d1dc69c641a21538fdc8ffc39?s=96&d=mm&r=g","contentUrl":"https:\/\/secure.gravatar.com\/avatar\/40d792570790f3d0a35cbf710efa7b82a6cb498d1dc69c641a21538fdc8ffc39?s=96&d=mm&r=g","caption":"Maxime"}}]}},"_links":{"self":[{"href":"https:\/\/cipam.com\/en\/wp-json\/wp\/v2\/pages\/7494","targetHints":{"allow":["GET"]}}],"collection":[{"href":"https:\/\/cipam.com\/en\/wp-json\/wp\/v2\/pages"}],"about":[{"href":"https:\/\/cipam.com\/en\/wp-json\/wp\/v2\/types\/page"}],"author":[{"embeddable":true,"href":"https:\/\/cipam.com\/en\/wp-json\/wp\/v2\/users\/14"}],"replies":[{"embeddable":true,"href":"https:\/\/cipam.com\/en\/wp-json\/wp\/v2\/comments?post=7494"}],"version-history":[{"count":4,"href":"https:\/\/cipam.com\/en\/wp-json\/wp\/v2\/pages\/7494\/revisions"}],"predecessor-version":[{"id":159940,"href":"https:\/\/cipam.com\/en\/wp-json\/wp\/v2\/pages\/7494\/revisions\/159940"}],"wp:attachment":[{"href":"https:\/\/cipam.com\/en\/wp-json\/wp\/v2\/media?parent=7494"}],"curies":[{"name":"wp","href":"https:\/\/api.w.org\/{rel}","templated":true}]}}